{"id":2017,"date":"2024-03-07T15:04:03","date_gmt":"2024-03-07T14:04:03","guid":{"rendered":"https:\/\/galu-ecolodge.com\/zimmer\/"},"modified":"2026-04-10T12:15:25","modified_gmt":"2026-04-10T11:15:25","slug":"zimmer","status":"publish","type":"page","link":"https:\/\/galu-ecolodge.com\/de\/zimmer\/","title":{"rendered":"Zimmer"},"content":{"rendered":"\n\n\t<section class=\"section\" id=\"section_983091517\">\n\t\t<div class=\"section-bg fill\" >\n\t\t\t\t\t\t\t\t\t\n\t\t\t\n\n\t\t<\/div>\n\n\t\t\n\n\t\t<div class=\"section-content relative\">\n\t\t\t\n\n\t<div id=\"text-722996683\" class=\"text\">\n\t\t\n\n<h6>Von gem\u00fctlichen Zimmern \u00fcber private Bungalows bis hin zu unseren ikonischen A-Frame-H\u00fctten.<\/h6>\n\t\t\n<style>\n#text-722996683 {\n  text-align: center;\n}\n<\/style>\n\t<\/div>\n\t\n\t<div id=\"text-2688722351\" class=\"text\">\n\t\t\n\n<h2><span data-text-color=\"primary\">W\u00e4hlen Sie Ihre Unterkunft<\/span><\/h2>\n\t\t\n<style>\n#text-2688722351 {\n  font-size: 1.5rem;\n  text-align: center;\n}\n<\/style>\n\t<\/div>\n\t\n\t<div id=\"gap-599379120\" class=\"gap-element clearfix\" style=\"display:block; height:auto;\">\n\t\t\n<style>\n#gap-599379120 {\n  padding-top: 30px;\n}\n<\/style>\n\t<\/div>\n\t\n\n<div class=\"row\"  id=\"row-511895248\">\n\n\n\t<div id=\"col-879016126\" class=\"col medium-4 small-12 large-4\"  >\n\t\t\t\t<div class=\"col-inner box-shadow-2\"  >\n\t\t\t\n\t\t\t\n\n\t<div class=\"box has-hover   has-hover box-push box-text-bottom\" >\n\n\t\t<div class=\"box-image\" >\n\t\t\t<a href=\"https:\/\/galu-ecolodge.com\/de\/privatzimmer\/\" >\t\t\t<div class=\"image-zoom image-cover\" style=\"padding-top:100%;\">\n\t\t\t\t<img loading=\"lazy\" decoding=\"async\" width=\"2560\" height=\"1920\" src=\"https:\/\/galu-ecolodge.com\/wp-content\/uploads\/2024\/08\/NDOGO-Room-2-scaled.jpeg\" class=\"attachment- size-\" alt=\"\" srcset=\"https:\/\/galu-ecolodge.com\/wp-content\/uploads\/2024\/08\/NDOGO-Room-2-scaled.jpeg 2560w, https:\/\/galu-ecolodge.com\/wp-content\/uploads\/2024\/08\/NDOGO-Room-2-300x225.jpeg 300w, https:\/\/galu-ecolodge.com\/wp-content\/uploads\/2024\/08\/NDOGO-Room-2-1024x768.jpeg 1024w, https:\/\/galu-ecolodge.com\/wp-content\/uploads\/2024\/08\/NDOGO-Room-2-768x576.jpeg 768w, https:\/\/galu-ecolodge.com\/wp-content\/uploads\/2024\/08\/NDOGO-Room-2-1536x1152.jpeg 1536w, https:\/\/galu-ecolodge.com\/wp-content\/uploads\/2024\/08\/NDOGO-Room-2-2048x1536.jpeg 2048w\" sizes=\"auto, (max-width: 2560px) 100vw, 2560px\" \/>\t\t\t\t\t\t\t\t\t\t\t<\/div>\n\t\t\t<\/a>\t\t<\/div>\n\n\t\t<div class=\"box-text text-center\" style=\"background-color:rgb(255, 255, 255);padding:30px 30px 30px 30px;\">\n\t\t\t<div class=\"box-text-inner\">\n\t\t\t\t\n\n\t<div id=\"text-2699779114\" class=\"text\">\n\t\t\n\n<h3>Zimmer<\/h3>\n\t\t\n<style>\n#text-2699779114 {\n  font-size: 1.3rem;\n}\n<\/style>\n\t<\/div>\n\t\n\n\t\t\t<\/div>\n\t\t<\/div>\n\t<\/div>\n\t\n\n\t\t<\/div>\n\t\t\t\t\t<\/div>\n\n\t\n\n\t<div id=\"col-847494641\" class=\"col medium-4 small-12 large-4\"  >\n\t\t\t\t<div class=\"col-inner box-shadow-2\"  >\n\t\t\t\n\t\t\t\n\n\t<div class=\"box has-hover   has-hover box-push box-text-bottom\" >\n\n\t\t<div class=\"box-image\" >\n\t\t\t<a href=\"https:\/\/galu-ecolodge.com\/de\/bungalows\/\" >\t\t\t<div class=\"image-zoom image-cover\" style=\"padding-top:100%;\">\n\t\t\t\t<img loading=\"lazy\" decoding=\"async\" width=\"1280\" height=\"960\" src=\"https:\/\/galu-ecolodge.com\/wp-content\/uploads\/2025\/05\/BB-groot.jpeg\" class=\"attachment- size-\" alt=\"\" srcset=\"https:\/\/galu-ecolodge.com\/wp-content\/uploads\/2025\/05\/BB-groot.jpeg 1280w, https:\/\/galu-ecolodge.com\/wp-content\/uploads\/2025\/05\/BB-groot-300x225.jpeg 300w, https:\/\/galu-ecolodge.com\/wp-content\/uploads\/2025\/05\/BB-groot-1024x768.jpeg 1024w, https:\/\/galu-ecolodge.com\/wp-content\/uploads\/2025\/05\/BB-groot-768x576.jpeg 768w\" sizes=\"auto, (max-width: 1280px) 100vw, 1280px\" \/>\t\t\t\t\t\t\t\t\t\t\t<\/div>\n\t\t\t<\/a>\t\t<\/div>\n\n\t\t<div class=\"box-text text-center\" style=\"background-color:rgb(255, 255, 255);padding:30px 30px 30px 30px;\">\n\t\t\t<div class=\"box-text-inner\">\n\t\t\t\t\n\n\t<div id=\"text-567064536\" class=\"text\">\n\t\t\n\n<h3>Bungalows<\/h3>\n\t\t\n<style>\n#text-567064536 {\n  font-size: 1.3rem;\n}\n<\/style>\n\t<\/div>\n\t\n\n\t\t\t<\/div>\n\t\t<\/div>\n\t<\/div>\n\t\n\n\t\t<\/div>\n\t\t\t\t\t<\/div>\n\n\t\n\n\t<div id=\"col-407773623\" class=\"col medium-4 small-12 large-4\"  >\n\t\t\t\t<div class=\"col-inner box-shadow-2\"  >\n\t\t\t\n\t\t\t\n\n\t<div class=\"box has-hover   has-hover box-push box-text-bottom\" >\n\n\t\t<div class=\"box-image\" >\n\t\t\t<a href=\"https:\/\/galu-ecolodge.com\/de\/a-frame-cabins\/\" >\t\t\t<div class=\"image-zoom image-cover\" style=\"padding-top:100%;\">\n\t\t\t\t<img loading=\"lazy\" decoding=\"async\" width=\"1600\" height=\"1200\" src=\"https:\/\/galu-ecolodge.com\/wp-content\/uploads\/2025\/12\/Diani-Beach-Hotel-Resort-Spa-Galu-EcoLodge-A-Frame-Cabins-6.jpg\" class=\"attachment- size-\" alt=\"\" srcset=\"https:\/\/galu-ecolodge.com\/wp-content\/uploads\/2025\/12\/Diani-Beach-Hotel-Resort-Spa-Galu-EcoLodge-A-Frame-Cabins-6.jpg 1600w, https:\/\/galu-ecolodge.com\/wp-content\/uploads\/2025\/12\/Diani-Beach-Hotel-Resort-Spa-Galu-EcoLodge-A-Frame-Cabins-6-300x225.jpg 300w, https:\/\/galu-ecolodge.com\/wp-content\/uploads\/2025\/12\/Diani-Beach-Hotel-Resort-Spa-Galu-EcoLodge-A-Frame-Cabins-6-1024x768.jpg 1024w, https:\/\/galu-ecolodge.com\/wp-content\/uploads\/2025\/12\/Diani-Beach-Hotel-Resort-Spa-Galu-EcoLodge-A-Frame-Cabins-6-768x576.jpg 768w, https:\/\/galu-ecolodge.com\/wp-content\/uploads\/2025\/12\/Diani-Beach-Hotel-Resort-Spa-Galu-EcoLodge-A-Frame-Cabins-6-1536x1152.jpg 1536w\" sizes=\"auto, (max-width: 1600px) 100vw, 1600px\" \/>\t\t\t\t\t\t\t\t\t\t\t<\/div>\n\t\t\t<\/a>\t\t<\/div>\n\n\t\t<div class=\"box-text text-center\" style=\"background-color:rgb(255, 255, 255);padding:30px 30px 30px 30px;\">\n\t\t\t<div class=\"box-text-inner\">\n\t\t\t\t\n\n\t<div id=\"text-2101269272\" class=\"text\">\n\t\t\n\n<h3>A-Frame Cabins<\/h3>\n\t\t\n<style>\n#text-2101269272 {\n  font-size: 1.3rem;\n}\n<\/style>\n\t<\/div>\n\t\n\n\t\t\t<\/div>\n\t\t<\/div>\n\t<\/div>\n\t\n\n\t\t<\/div>\n\t\t\t\t\t<\/div>\n\n\t\n\n<\/div>\n\n\t\t<\/div>\n\n\t\t\n<style>\n#section_983091517 {\n  padding-top: 40px;\n  padding-bottom: 40px;\n}\n@media (min-width:850px) {\n  #section_983091517 {\n    padding-top: 70px;\n    padding-bottom: 70px;\n  }\n}\n<\/style>\n\t<\/section>\n\t\n\n\n\n\n","protected":false},"excerpt":{"rendered":"","protected":false},"author":1,"featured_media":0,"parent":0,"menu_order":0,"comment_status":"closed","ping_status":"closed","template":"page-blank.php","meta":{"footnotes":""},"class_list":["post-2017","page","type-page","status-publish","hentry"],"yoast_head":"<!-- This site is optimized with the Yoast SEO plugin v27.4 - https:\/\/yoast.com\/product\/yoast-seo-wordpress\/ -->\n<title>Zimmer | Preiswerte Unterkunft am Diani Beach | Galu Ecolodge<\/title>\n<meta name=\"description\" content=\"Preiswerte Privatzimmer, Bungalows und A-Frame-H\u00e4user, nur wenige Schritte vom atemberaubenden Strand der Galu Ecolodge entfernt. W\u00e4hle dein Zimmer.\" \/>\n<meta name=\"robots\" content=\"index, follow, max-snippet:-1, max-image-preview:large, max-video-preview:-1\" \/>\n<link rel=\"canonical\" href=\"https:\/\/galu-ecolodge.com\/de\/zimmer\/\" \/>\n<meta property=\"og:locale\" content=\"de_DE\" \/>\n<meta property=\"og:type\" content=\"article\" \/>\n<meta property=\"og:title\" content=\"Zimmer | Preiswerte Unterkunft am Diani Beach | Galu Ecolodge\" \/>\n<meta property=\"og:description\" content=\"Preiswerte Privatzimmer, Bungalows und A-Frame-H\u00e4user, nur wenige Schritte vom atemberaubenden Strand der Galu Ecolodge entfernt. W\u00e4hle dein Zimmer.\" \/>\n<meta property=\"og:url\" content=\"https:\/\/galu-ecolodge.com\/de\/zimmer\/\" \/>\n<meta property=\"og:site_name\" content=\"Galu Ecolodge\" \/>\n<meta property=\"article:modified_time\" content=\"2026-04-10T11:15:25+00:00\" \/>\n<meta name=\"twitter:card\" content=\"summary_large_image\" \/>\n<meta name=\"twitter:label1\" content=\"Gesch\u00e4tzte Lesezeit\" \/>\n\t<meta name=\"twitter:data1\" content=\"2\u00a0Minuten\" \/>\n<script type=\"application\/ld+json\" class=\"yoast-schema-graph\">{\"@context\":\"https:\\\/\\\/schema.org\",\"@graph\":[{\"@type\":\"WebPage\",\"@id\":\"https:\\\/\\\/galu-ecolodge.com\\\/de\\\/zimmer\\\/\",\"url\":\"https:\\\/\\\/galu-ecolodge.com\\\/de\\\/zimmer\\\/\",\"name\":\"Zimmer | Preiswerte Unterkunft am Diani Beach | Galu Ecolodge\",\"isPartOf\":{\"@id\":\"https:\\\/\\\/galu-ecolodge.com\\\/de\\\/#website\"},\"datePublished\":\"2024-03-07T14:04:03+00:00\",\"dateModified\":\"2026-04-10T11:15:25+00:00\",\"description\":\"Preiswerte Privatzimmer, Bungalows und A-Frame-H\u00e4user, nur wenige Schritte vom atemberaubenden Strand der Galu Ecolodge entfernt. W\u00e4hle dein Zimmer.\",\"breadcrumb\":{\"@id\":\"https:\\\/\\\/galu-ecolodge.com\\\/de\\\/zimmer\\\/#breadcrumb\"},\"inLanguage\":\"de\",\"potentialAction\":[{\"@type\":\"ReadAction\",\"target\":[\"https:\\\/\\\/galu-ecolodge.com\\\/de\\\/zimmer\\\/\"]}]},{\"@type\":\"BreadcrumbList\",\"@id\":\"https:\\\/\\\/galu-ecolodge.com\\\/de\\\/zimmer\\\/#breadcrumb\",\"itemListElement\":[{\"@type\":\"ListItem\",\"position\":1,\"name\":\"Home\",\"item\":\"https:\\\/\\\/galu-ecolodge.com\\\/de\\\/\"},{\"@type\":\"ListItem\",\"position\":2,\"name\":\"Zimmer\"}]},{\"@type\":\"WebSite\",\"@id\":\"https:\\\/\\\/galu-ecolodge.com\\\/de\\\/#website\",\"url\":\"https:\\\/\\\/galu-ecolodge.com\\\/de\\\/\",\"name\":\"Galu Ecolodge\",\"description\":\"Diani\u2019s Prime Beachfront Paradise\",\"publisher\":{\"@id\":\"https:\\\/\\\/galu-ecolodge.com\\\/de\\\/#organization\"},\"potentialAction\":[{\"@type\":\"SearchAction\",\"target\":{\"@type\":\"EntryPoint\",\"urlTemplate\":\"https:\\\/\\\/galu-ecolodge.com\\\/de\\\/?s={search_term_string}\"},\"query-input\":{\"@type\":\"PropertyValueSpecification\",\"valueRequired\":true,\"valueName\":\"search_term_string\"}}],\"inLanguage\":\"de\"},{\"@type\":\"Organization\",\"@id\":\"https:\\\/\\\/galu-ecolodge.com\\\/de\\\/#organization\",\"name\":\"Galu Ecolodge\",\"url\":\"https:\\\/\\\/galu-ecolodge.com\\\/de\\\/\",\"logo\":{\"@type\":\"ImageObject\",\"inLanguage\":\"de\",\"@id\":\"https:\\\/\\\/galu-ecolodge.com\\\/de\\\/#\\\/schema\\\/logo\\\/image\\\/\",\"url\":\"https:\\\/\\\/galu-ecolodge.com\\\/wp-content\\\/uploads\\\/2025\\\/05\\\/GEL_LOGO.png\",\"contentUrl\":\"https:\\\/\\\/galu-ecolodge.com\\\/wp-content\\\/uploads\\\/2025\\\/05\\\/GEL_LOGO.png\",\"width\":1020,\"height\":1020,\"caption\":\"Galu Ecolodge\"},\"image\":{\"@id\":\"https:\\\/\\\/galu-ecolodge.com\\\/de\\\/#\\\/schema\\\/logo\\\/image\\\/\"}}]}<\/script>\n<!-- \/ Yoast SEO plugin. -->","yoast_head_json":{"title":"Zimmer | Preiswerte Unterkunft am Diani Beach | Galu Ecolodge","description":"Preiswerte Privatzimmer, Bungalows und A-Frame-H\u00e4user, nur wenige Schritte vom atemberaubenden Strand der Galu Ecolodge entfernt. W\u00e4hle dein Zimmer.","robots":{"index":"index","follow":"follow","max-snippet":"max-snippet:-1","max-image-preview":"max-image-preview:large","max-video-preview":"max-video-preview:-1"},"canonical":"https:\/\/galu-ecolodge.com\/de\/zimmer\/","og_locale":"de_DE","og_type":"article","og_title":"Zimmer | Preiswerte Unterkunft am Diani Beach | Galu Ecolodge","og_description":"Preiswerte Privatzimmer, Bungalows und A-Frame-H\u00e4user, nur wenige Schritte vom atemberaubenden Strand der Galu Ecolodge entfernt. W\u00e4hle dein Zimmer.","og_url":"https:\/\/galu-ecolodge.com\/de\/zimmer\/","og_site_name":"Galu Ecolodge","article_modified_time":"2026-04-10T11:15:25+00:00","twitter_card":"summary_large_image","twitter_misc":{"Gesch\u00e4tzte Lesezeit":"2\u00a0Minuten"},"schema":{"@context":"https:\/\/schema.org","@graph":[{"@type":"WebPage","@id":"https:\/\/galu-ecolodge.com\/de\/zimmer\/","url":"https:\/\/galu-ecolodge.com\/de\/zimmer\/","name":"Zimmer | Preiswerte Unterkunft am Diani Beach | Galu Ecolodge","isPartOf":{"@id":"https:\/\/galu-ecolodge.com\/de\/#website"},"datePublished":"2024-03-07T14:04:03+00:00","dateModified":"2026-04-10T11:15:25+00:00","description":"Preiswerte Privatzimmer, Bungalows und A-Frame-H\u00e4user, nur wenige Schritte vom atemberaubenden Strand der Galu Ecolodge entfernt. W\u00e4hle dein Zimmer.","breadcrumb":{"@id":"https:\/\/galu-ecolodge.com\/de\/zimmer\/#breadcrumb"},"inLanguage":"de","potentialAction":[{"@type":"ReadAction","target":["https:\/\/galu-ecolodge.com\/de\/zimmer\/"]}]},{"@type":"BreadcrumbList","@id":"https:\/\/galu-ecolodge.com\/de\/zimmer\/#breadcrumb","itemListElement":[{"@type":"ListItem","position":1,"name":"Home","item":"https:\/\/galu-ecolodge.com\/de\/"},{"@type":"ListItem","position":2,"name":"Zimmer"}]},{"@type":"WebSite","@id":"https:\/\/galu-ecolodge.com\/de\/#website","url":"https:\/\/galu-ecolodge.com\/de\/","name":"Galu Ecolodge","description":"Diani\u2019s Prime Beachfront Paradise","publisher":{"@id":"https:\/\/galu-ecolodge.com\/de\/#organization"},"potentialAction":[{"@type":"SearchAction","target":{"@type":"EntryPoint","urlTemplate":"https:\/\/galu-ecolodge.com\/de\/?s={search_term_string}"},"query-input":{"@type":"PropertyValueSpecification","valueRequired":true,"valueName":"search_term_string"}}],"inLanguage":"de"},{"@type":"Organization","@id":"https:\/\/galu-ecolodge.com\/de\/#organization","name":"Galu Ecolodge","url":"https:\/\/galu-ecolodge.com\/de\/","logo":{"@type":"ImageObject","inLanguage":"de","@id":"https:\/\/galu-ecolodge.com\/de\/#\/schema\/logo\/image\/","url":"https:\/\/galu-ecolodge.com\/wp-content\/uploads\/2025\/05\/GEL_LOGO.png","contentUrl":"https:\/\/galu-ecolodge.com\/wp-content\/uploads\/2025\/05\/GEL_LOGO.png","width":1020,"height":1020,"caption":"Galu Ecolodge"},"image":{"@id":"https:\/\/galu-ecolodge.com\/de\/#\/schema\/logo\/image\/"}}]}},"_links":{"self":[{"href":"https:\/\/galu-ecolodge.com\/de\/wp-json\/wp\/v2\/pages\/2017","targetHints":{"allow":["GET"]}}],"collection":[{"href":"https:\/\/galu-ecolodge.com\/de\/wp-json\/wp\/v2\/pages"}],"about":[{"href":"https:\/\/galu-ecolodge.com\/de\/wp-json\/wp\/v2\/types\/page"}],"author":[{"embeddable":true,"href":"https:\/\/galu-ecolodge.com\/de\/wp-json\/wp\/v2\/users\/1"}],"replies":[{"embeddable":true,"href":"https:\/\/galu-ecolodge.com\/de\/wp-json\/wp\/v2\/comments?post=2017"}],"version-history":[{"count":4,"href":"https:\/\/galu-ecolodge.com\/de\/wp-json\/wp\/v2\/pages\/2017\/revisions"}],"predecessor-version":[{"id":2136,"href":"https:\/\/galu-ecolodge.com\/de\/wp-json\/wp\/v2\/pages\/2017\/revisions\/2136"}],"wp:attachment":[{"href":"https:\/\/galu-ecolodge.com\/de\/wp-json\/wp\/v2\/media?parent=2017"}],"curies":[{"name":"wp","href":"https:\/\/api.w.org\/{rel}","templated":true}]}}