{"id":2117,"date":"2024-03-07T15:04:16","date_gmt":"2024-03-07T14:04:16","guid":{"rendered":"https:\/\/galu-ecolodge.com\/entdecken\/"},"modified":"2026-04-10T13:49:49","modified_gmt":"2026-04-10T12:49:49","slug":"entdecken","status":"publish","type":"page","link":"https:\/\/galu-ecolodge.com\/de\/entdecken\/","title":{"rendered":"Entdecken"},"content":{"rendered":"\n\n\n\n\t<section class=\"section\" id=\"section_550597047\">\n\t\t<div class=\"section-bg fill\" >\n\t\t\t\t\t\t\t\t\t\n\t\t\t\n\n\t\t<\/div>\n\n\t\t\n\n\t\t<div class=\"section-content relative\">\n\t\t\t\n\n\t<div id=\"gap-916516894\" class=\"gap-element clearfix\" style=\"display:block; height:auto;\">\n\t\t\n<style>\n#gap-916516894 {\n  padding-top: 30px;\n}\n<\/style>\n\t<\/div>\n\t\n\n<div class=\"row align-middle\"  id=\"row-999196805\">\n\n\n\t<div id=\"col-1941480872\" class=\"col medium-12 small-12 large-6\"  >\n\t\t\t\t<div class=\"col-inner\"  >\n\t\t\t\n\t\t\t\n\n\n  <div class=\"banner has-hover\" id=\"banner-2074358470\">\n          <div class=\"banner-inner fill\">\n        <div class=\"banner-bg fill\" >\n            <img loading=\"lazy\" decoding=\"async\" width=\"1020\" height=\"747\" src=\"https:\/\/galu-ecolodge.com\/wp-content\/uploads\/2026\/04\/Diani-Beach-Hotel-Resort-Spa-\u2013Galu-Ecolodge-Kite-Surfing-1024x750.jpeg\" class=\"bg attachment-large size-large\" alt=\"\" \/>                                    \n                    <\/div>\n\t\t\n        <div class=\"banner-layers container\">\n            <div class=\"fill banner-link\"><\/div>            \n\n   <div id=\"text-box-1411498064\" class=\"text-box banner-layer x50 md-x50 lg-x50 y50 md-y50 lg-y50 res-text\">\n                                <div class=\"text-box-content text dark\">\n              \n              <div class=\"text-inner text-center\">\n                  \n\n\n              <\/div>\n           <\/div>\n                            \n<style>\n#text-box-1411498064 {\n  width: 60%;\n}\n#text-box-1411498064 .text-box-content {\n  font-size: 100%;\n}\n@media (min-width:550px) {\n  #text-box-1411498064 {\n    width: 60%;\n  }\n}\n<\/style>\n    <\/div>\n \n\n        <\/div>\n      <\/div>\n\n            \n<style>\n#banner-2074358470 {\n  padding-top: 300px;\n  background-color: rgba(255, 255, 255, 0);\n}\n#banner-2074358470 .banner-bg img {\n  object-position: 24% 40%;\n}\n@media (min-width:550px) {\n  #banner-2074358470 {\n    padding-top: 375px;\n  }\n}\n@media (min-width:850px) {\n  #banner-2074358470 {\n    padding-top: 450px;\n  }\n}\n<\/style>\n  <\/div>\n\n\n\n\t\t<\/div>\n\t\t\t\t\t<\/div>\n\n\t\n\n\t<div id=\"col-1626778350\" class=\"col medium-12 small-12 large-6\"  >\n\t\t\t\t<div class=\"col-inner\"  >\n\t\t\t\n\t\t\t\n\n\t<div id=\"gap-267903789\" class=\"gap-element clearfix\" style=\"display:block; height:auto;\">\n\t\t\n<style>\n#gap-267903789 {\n  padding-top: 0px;\n}\n@media (min-width:850px) {\n  #gap-267903789 {\n    padding-top: 30px;\n  }\n}\n<\/style>\n\t<\/div>\n\t\n\n\t<div id=\"text-373460250\" class=\"text\">\n\t\t\n\n<h2>Reite auf den Passatwinden an Kenias ikonischster K\u00fcste<\/h2>\n\t\t\n<style>\n#text-373460250 {\n  font-size: 1.25rem;\n}\n<\/style>\n\t<\/div>\n\t\n<p>Wenn du nach einem der besten Orte zum Kitesurfen in Kenia suchst, sollte Diani Beach ganz oben auf deiner Liste stehen. Mit seinen weiten, wei\u00dfen Sandstr\u00e4nden, dem warmen Wasser des Indischen Ozeans und einer entspannten K\u00fcstenatmosph\u00e4re bietet er den perfekten Rahmen f\u00fcr ein unvergessliches Kitesurf-Erlebnis. <\/p>\n<a href=\"https:\/\/galu-ecolodge.com\/de\/kitesurfen-in-diani-beach-kenia\/\" class=\"button alert\"  >\n\t\t<span>Mehr lesen<\/span>\n\t<\/a>\n\n\n\n\t\t<\/div>\n\t\t\t\t\n<style>\n#col-1626778350 > .col-inner {\n  padding: 0px 0 0px 0px;\n}\n@media (min-width:550px) {\n  #col-1626778350 > .col-inner {\n    padding: 0px 15% 0px 0px;\n  }\n}\n@media (min-width:850px) {\n  #col-1626778350 > .col-inner {\n    padding: 0px 0px 0px 15%;\n  }\n}\n<\/style>\n\t<\/div>\n\n\t\n\n<\/div>\n\n\t\t<\/div>\n\n\t\t\n<style>\n#section_550597047 {\n  padding-top: 15px;\n  padding-bottom: 15px;\n}\n@media (min-width:550px) {\n  #section_550597047 {\n    padding-top: 30px;\n    padding-bottom: 30px;\n  }\n}\n@media (min-width:850px) {\n  #section_550597047 {\n    padding-top: 50px;\n    padding-bottom: 50px;\n  }\n}\n<\/style>\n\t<\/section>\n\t\n\n\t<section class=\"section\" id=\"section_1472041604\">\n\t\t<div class=\"section-bg fill\" >\n\t\t\t\t\t\t\t\t\t\n\t\t\t\n\n\t\t<\/div>\n\n\t\t\n\n\t\t<div class=\"section-content relative\">\n\t\t\t\n\n<div class=\"row align-right\"  id=\"row-2073734194\">\n\n\n\t<div id=\"col-1946591223\" class=\"col medium-9 small-12 large-9\"  >\n\t\t\t\t<div class=\"col-inner\"  >\n\t\t\t\n\t\t\t\n\n\n  <div class=\"banner has-hover\" id=\"banner-463759982\">\n          <div class=\"banner-inner fill\">\n        <div class=\"banner-bg fill\" >\n            <img loading=\"lazy\" decoding=\"async\" width=\"960\" height=\"1280\" src=\"https:\/\/galu-ecolodge.com\/wp-content\/uploads\/2026\/04\/Galu-Ecolodge-Madafoos-Sunday-Funday-5.jpg\" class=\"bg attachment-original size-original\" alt=\"\" \/>                                    \n                    <\/div>\n\t\t\n        <div class=\"banner-layers container\">\n            <div class=\"fill banner-link\"><\/div>            \n\n   <div id=\"text-box-1691203067\" class=\"text-box banner-layer x50 md-x50 lg-x50 y50 md-y50 lg-y50 res-text\">\n                                <div class=\"text-box-content text dark\">\n              \n              <div class=\"text-inner text-center\">\n                  \n\n\n              <\/div>\n           <\/div>\n                            \n<style>\n#text-box-1691203067 {\n  width: 60%;\n}\n#text-box-1691203067 .text-box-content {\n  font-size: 100%;\n}\n@media (min-width:550px) {\n  #text-box-1691203067 {\n    width: 60%;\n  }\n}\n<\/style>\n    <\/div>\n \n\n        <\/div>\n      <\/div>\n\n            \n<style>\n#banner-463759982 {\n  padding-top: 300px;\n  background-color: rgba(255, 255, 255, 0);\n}\n@media (min-width:550px) {\n  #banner-463759982 {\n    padding-top: 500px;\n  }\n}\n<\/style>\n  <\/div>\n\n\n\n\t\t<\/div>\n\t\t\t\t\n<style>\n#col-1946591223 > .col-inner {\n  margin: 0px 0px -55px 0px;\n}\n<\/style>\n\t<\/div>\n\n\t\n\n<\/div>\n<div class=\"row\"  id=\"row-1919602640\">\n\n\n\t<div id=\"col-1730565239\" class=\"col medium-7 small-12 large-6\"  >\n\t\t\t\t<div class=\"col-inner\" style=\"background-color:rgba(255, 255, 255, 0.9);\" >\n\t\t\t\n\t\t\t\n\n\t<div id=\"text-254500096\" class=\"text\">\n\t\t\n\n<h2>\nSunday Funday im Madafoo\u2019s Beach Bar and Restaurant<\/h2>\n\t\t\n<style>\n#text-254500096 {\n  font-size: 1.25rem;\n}\n<\/style>\n\t<\/div>\n\t\n<p>Mach den Sonntag zu deinem Lieblingstag an der S\u00fcdk\u00fcste. Jeden Sonntag ab 11:00 Uhr verwandelt sich das Madafoo\u2019s Beach Bar and Restaurant in ein komplettes Strand-Erlebnis mit tollem Essen, eiskalten Signature-Cocktails, familienfreundlichen Aktivit\u00e4ten und entspannten Vibes direkt am Meer. <\/p>\n<a href=\"https:\/\/galu-ecolodge.com\/de\/sonntags-spass-in-madafoos-strandbar-und-restaurant\/\" class=\"button alert\"  >\n\t\t<span>Mehr lesen<\/span>\n\t<\/a>\n\n\n\n\t\t<\/div>\n\t\t\t\t\n<style>\n#col-1730565239 > .col-inner {\n  padding: 30px 30px 20px 30px;\n  margin: 25px 0px 0px 0px;\n}\n@media (min-width:550px) {\n  #col-1730565239 > .col-inner {\n    padding: 10% 10% 8% 10%;\n    margin: -395px 0px 0px 0px;\n  }\n}\n<\/style>\n\t<\/div>\n\n\t\n\n<\/div>\n\n\t\t<\/div>\n\n\t\t\n<style>\n#section_1472041604 {\n  padding-top: 50px;\n  padding-bottom: 50px;\n  background-color: #103859;\n}\n@media (min-width:850px) {\n  #section_1472041604 {\n    padding-top: 80px;\n    padding-bottom: 80px;\n  }\n}\n<\/style>\n\t<\/section>\n\t\n\n\t<section class=\"section\" id=\"section_1385418647\">\n\t\t<div class=\"section-bg fill\" >\n\t\t\t\t\t\t\t\t\t\n\t\t\t\n\n\t\t<\/div>\n\n\t\t\n\n\t\t<div class=\"section-content relative\">\n\t\t\t\n\n\t<div id=\"gap-325237586\" class=\"gap-element clearfix\" style=\"display:block; height:auto;\">\n\t\t\n<style>\n#gap-325237586 {\n  padding-top: 30px;\n}\n<\/style>\n\t<\/div>\n\t\n\n<div class=\"row align-middle\"  id=\"row-549888039\">\n\n\n\t<div id=\"col-1337310105\" class=\"col medium-12 small-12 large-6\"  >\n\t\t\t\t<div class=\"col-inner\"  >\n\t\t\t\n\t\t\t\n\n\n  <div class=\"banner has-hover\" id=\"banner-232248779\">\n          <div class=\"banner-inner fill\">\n        <div class=\"banner-bg fill\" >\n            <img loading=\"lazy\" decoding=\"async\" width=\"1020\" height=\"765\" src=\"https:\/\/galu-ecolodge.com\/wp-content\/uploads\/2026\/04\/Diani-Beach-Hotel-Resort-Spa-\u2013Galu-Ecolodge-Dhow-Safari-Kenya-groot-1024x768.jpeg\" class=\"bg attachment-large size-large\" alt=\"\" \/>                                    \n                    <\/div>\n\t\t\n        <div class=\"banner-layers container\">\n            <div class=\"fill banner-link\"><\/div>            \n\n   <div id=\"text-box-287481193\" class=\"text-box banner-layer x50 md-x50 lg-x50 y50 md-y50 lg-y50 res-text\">\n                                <div class=\"text-box-content text dark\">\n              \n              <div class=\"text-inner text-center\">\n                  \n\n\n              <\/div>\n           <\/div>\n                            \n<style>\n#text-box-287481193 {\n  width: 60%;\n}\n#text-box-287481193 .text-box-content {\n  font-size: 100%;\n}\n@media (min-width:550px) {\n  #text-box-287481193 {\n    width: 60%;\n  }\n}\n<\/style>\n    <\/div>\n \n\n        <\/div>\n      <\/div>\n\n            \n<style>\n#banner-232248779 {\n  padding-top: 300px;\n  background-color: rgba(255, 255, 255, 0);\n}\n#banner-232248779 .banner-bg img {\n  object-position: 24% 40%;\n}\n@media (min-width:550px) {\n  #banner-232248779 {\n    padding-top: 375px;\n  }\n}\n@media (min-width:850px) {\n  #banner-232248779 {\n    padding-top: 450px;\n  }\n}\n<\/style>\n  <\/div>\n\n\n\n\t\t<\/div>\n\t\t\t\t\t<\/div>\n\n\t\n\n\t<div id=\"col-1820498749\" class=\"col medium-12 small-12 large-6\"  >\n\t\t\t\t<div class=\"col-inner\"  >\n\t\t\t\n\t\t\t\n\n\t<div id=\"gap-970291198\" class=\"gap-element clearfix\" style=\"display:block; height:auto;\">\n\t\t\n<style>\n#gap-970291198 {\n  padding-top: 0px;\n}\n@media (min-width:850px) {\n  #gap-970291198 {\n    padding-top: 30px;\n  }\n}\n<\/style>\n\t<\/div>\n\t\n\n\t<div id=\"text-866389842\" class=\"text\">\n\t\t\n\n<h2>Segle auf einer Dhau-Safari an Kenias S\u00fcdk\u00fcste<\/h2>\n\t\t\n<style>\n#text-866389842 {\n  font-size: 1.25rem;\n}\n<\/style>\n\t<\/div>\n\t\n<p>Eine Dhau-Safari ist eines der unvergesslichsten Erlebnisse w\u00e4hrend deines Aufenthalts in der Galu Ecolodge. Du f\u00e4hrst hinaus auf den Indischen Ozean, um lebendige Korallenriffe zu erkunden, in kristallklarem Wasser zu schnorcheln und tropische Fische in allen Farben zu entdecken. <\/p>\n<a href=\"https:\/\/galu-ecolodge.com\/de\/dhow-safari-in-diani-beach-kenya\/\" class=\"button alert\"  >\n\t\t<span>Mehr lesen<\/span>\n\t<\/a>\n\n\n\n\t\t<\/div>\n\t\t\t\t\n<style>\n#col-1820498749 > .col-inner {\n  padding: 0px 0 0px 0px;\n}\n@media (min-width:550px) {\n  #col-1820498749 > .col-inner {\n    padding: 0px 15% 0px 0px;\n  }\n}\n@media (min-width:850px) {\n  #col-1820498749 > .col-inner {\n    padding: 0px 0px 0px 15%;\n  }\n}\n<\/style>\n\t<\/div>\n\n\t\n\n<\/div>\n\n\t\t<\/div>\n\n\t\t\n<style>\n#section_1385418647 {\n  padding-top: 15px;\n  padding-bottom: 15px;\n}\n@media (min-width:550px) {\n  #section_1385418647 {\n    padding-top: 30px;\n    padding-bottom: 30px;\n  }\n}\n@media (min-width:850px) {\n  #section_1385418647 {\n    padding-top: 50px;\n    padding-bottom: 50px;\n  }\n}\n<\/style>\n\t<\/section>\n\t\n\n\n\n\n\n","protected":false},"excerpt":{"rendered":"","protected":false},"author":1,"featured_media":0,"parent":0,"menu_order":0,"comment_status":"closed","ping_status":"closed","template":"page-blank.php","meta":{"footnotes":""},"class_list":["post-2117","page","type-page","status-publish","hentry"],"yoast_head":"<!-- This site is optimized with the Yoast SEO plugin v27.4 - https:\/\/yoast.com\/product\/yoast-seo-wordpress\/ -->\n<title>Entdecken | Galu Ecolodge: Spannende Aktivit\u00e4ten am Diani Beach<\/title>\n<meta name=\"description\" content=\"Entdecke aufregende Abenteuer am Diani Beach mit der Galu Ecolodge und unseren Partnern. Von Wassersport bis hin zu kulturellen Erlebnissen.\" \/>\n<meta name=\"robots\" content=\"index, follow, max-snippet:-1, max-image-preview:large, max-video-preview:-1\" \/>\n<link rel=\"canonical\" href=\"https:\/\/galu-ecolodge.com\/de\/entdecken\/\" \/>\n<meta property=\"og:locale\" content=\"de_DE\" \/>\n<meta property=\"og:type\" content=\"article\" \/>\n<meta property=\"og:title\" content=\"Entdecken | Galu Ecolodge: Spannende Aktivit\u00e4ten am Diani Beach\" \/>\n<meta property=\"og:description\" content=\"Entdecke aufregende Abenteuer am Diani Beach mit der Galu Ecolodge und unseren Partnern. Von Wassersport bis hin zu kulturellen Erlebnissen.\" \/>\n<meta property=\"og:url\" content=\"https:\/\/galu-ecolodge.com\/de\/entdecken\/\" \/>\n<meta property=\"og:site_name\" content=\"Galu Ecolodge\" \/>\n<meta property=\"article:modified_time\" content=\"2026-04-10T12:49:49+00:00\" \/>\n<meta name=\"twitter:card\" content=\"summary_large_image\" \/>\n<meta name=\"twitter:label1\" content=\"Gesch\u00e4tzte Lesezeit\" \/>\n\t<meta name=\"twitter:data1\" content=\"7\u00a0Minuten\" \/>\n<script type=\"application\/ld+json\" class=\"yoast-schema-graph\">{\"@context\":\"https:\\\/\\\/schema.org\",\"@graph\":[{\"@type\":\"WebPage\",\"@id\":\"https:\\\/\\\/galu-ecolodge.com\\\/de\\\/entdecken\\\/\",\"url\":\"https:\\\/\\\/galu-ecolodge.com\\\/de\\\/entdecken\\\/\",\"name\":\"Entdecken | Galu Ecolodge: Spannende Aktivit\u00e4ten am Diani Beach\",\"isPartOf\":{\"@id\":\"https:\\\/\\\/galu-ecolodge.com\\\/de\\\/#website\"},\"datePublished\":\"2024-03-07T14:04:16+00:00\",\"dateModified\":\"2026-04-10T12:49:49+00:00\",\"description\":\"Entdecke aufregende Abenteuer am Diani Beach mit der Galu Ecolodge und unseren Partnern. Von Wassersport bis hin zu kulturellen Erlebnissen.\",\"breadcrumb\":{\"@id\":\"https:\\\/\\\/galu-ecolodge.com\\\/de\\\/entdecken\\\/#breadcrumb\"},\"inLanguage\":\"de\",\"potentialAction\":[{\"@type\":\"ReadAction\",\"target\":[\"https:\\\/\\\/galu-ecolodge.com\\\/de\\\/entdecken\\\/\"]}]},{\"@type\":\"BreadcrumbList\",\"@id\":\"https:\\\/\\\/galu-ecolodge.com\\\/de\\\/entdecken\\\/#breadcrumb\",\"itemListElement\":[{\"@type\":\"ListItem\",\"position\":1,\"name\":\"Home\",\"item\":\"https:\\\/\\\/galu-ecolodge.com\\\/de\\\/\"},{\"@type\":\"ListItem\",\"position\":2,\"name\":\"Entdecken\"}]},{\"@type\":\"WebSite\",\"@id\":\"https:\\\/\\\/galu-ecolodge.com\\\/de\\\/#website\",\"url\":\"https:\\\/\\\/galu-ecolodge.com\\\/de\\\/\",\"name\":\"Galu Ecolodge\",\"description\":\"Diani\u2019s Prime Beachfront Paradise\",\"publisher\":{\"@id\":\"https:\\\/\\\/galu-ecolodge.com\\\/de\\\/#organization\"},\"potentialAction\":[{\"@type\":\"SearchAction\",\"target\":{\"@type\":\"EntryPoint\",\"urlTemplate\":\"https:\\\/\\\/galu-ecolodge.com\\\/de\\\/?s={search_term_string}\"},\"query-input\":{\"@type\":\"PropertyValueSpecification\",\"valueRequired\":true,\"valueName\":\"search_term_string\"}}],\"inLanguage\":\"de\"},{\"@type\":\"Organization\",\"@id\":\"https:\\\/\\\/galu-ecolodge.com\\\/de\\\/#organization\",\"name\":\"Galu Ecolodge\",\"url\":\"https:\\\/\\\/galu-ecolodge.com\\\/de\\\/\",\"logo\":{\"@type\":\"ImageObject\",\"inLanguage\":\"de\",\"@id\":\"https:\\\/\\\/galu-ecolodge.com\\\/de\\\/#\\\/schema\\\/logo\\\/image\\\/\",\"url\":\"https:\\\/\\\/galu-ecolodge.com\\\/wp-content\\\/uploads\\\/2025\\\/05\\\/GEL_LOGO.png\",\"contentUrl\":\"https:\\\/\\\/galu-ecolodge.com\\\/wp-content\\\/uploads\\\/2025\\\/05\\\/GEL_LOGO.png\",\"width\":1020,\"height\":1020,\"caption\":\"Galu Ecolodge\"},\"image\":{\"@id\":\"https:\\\/\\\/galu-ecolodge.com\\\/de\\\/#\\\/schema\\\/logo\\\/image\\\/\"}}]}<\/script>\n<!-- \/ Yoast SEO plugin. -->","yoast_head_json":{"title":"Entdecken | Galu Ecolodge: Spannende Aktivit\u00e4ten am Diani Beach","description":"Entdecke aufregende Abenteuer am Diani Beach mit der Galu Ecolodge und unseren Partnern. Von Wassersport bis hin zu kulturellen Erlebnissen.","robots":{"index":"index","follow":"follow","max-snippet":"max-snippet:-1","max-image-preview":"max-image-preview:large","max-video-preview":"max-video-preview:-1"},"canonical":"https:\/\/galu-ecolodge.com\/de\/entdecken\/","og_locale":"de_DE","og_type":"article","og_title":"Entdecken | Galu Ecolodge: Spannende Aktivit\u00e4ten am Diani Beach","og_description":"Entdecke aufregende Abenteuer am Diani Beach mit der Galu Ecolodge und unseren Partnern. Von Wassersport bis hin zu kulturellen Erlebnissen.","og_url":"https:\/\/galu-ecolodge.com\/de\/entdecken\/","og_site_name":"Galu Ecolodge","article_modified_time":"2026-04-10T12:49:49+00:00","twitter_card":"summary_large_image","twitter_misc":{"Gesch\u00e4tzte Lesezeit":"7\u00a0Minuten"},"schema":{"@context":"https:\/\/schema.org","@graph":[{"@type":"WebPage","@id":"https:\/\/galu-ecolodge.com\/de\/entdecken\/","url":"https:\/\/galu-ecolodge.com\/de\/entdecken\/","name":"Entdecken | Galu Ecolodge: Spannende Aktivit\u00e4ten am Diani Beach","isPartOf":{"@id":"https:\/\/galu-ecolodge.com\/de\/#website"},"datePublished":"2024-03-07T14:04:16+00:00","dateModified":"2026-04-10T12:49:49+00:00","description":"Entdecke aufregende Abenteuer am Diani Beach mit der Galu Ecolodge und unseren Partnern. Von Wassersport bis hin zu kulturellen Erlebnissen.","breadcrumb":{"@id":"https:\/\/galu-ecolodge.com\/de\/entdecken\/#breadcrumb"},"inLanguage":"de","potentialAction":[{"@type":"ReadAction","target":["https:\/\/galu-ecolodge.com\/de\/entdecken\/"]}]},{"@type":"BreadcrumbList","@id":"https:\/\/galu-ecolodge.com\/de\/entdecken\/#breadcrumb","itemListElement":[{"@type":"ListItem","position":1,"name":"Home","item":"https:\/\/galu-ecolodge.com\/de\/"},{"@type":"ListItem","position":2,"name":"Entdecken"}]},{"@type":"WebSite","@id":"https:\/\/galu-ecolodge.com\/de\/#website","url":"https:\/\/galu-ecolodge.com\/de\/","name":"Galu Ecolodge","description":"Diani\u2019s Prime Beachfront Paradise","publisher":{"@id":"https:\/\/galu-ecolodge.com\/de\/#organization"},"potentialAction":[{"@type":"SearchAction","target":{"@type":"EntryPoint","urlTemplate":"https:\/\/galu-ecolodge.com\/de\/?s={search_term_string}"},"query-input":{"@type":"PropertyValueSpecification","valueRequired":true,"valueName":"search_term_string"}}],"inLanguage":"de"},{"@type":"Organization","@id":"https:\/\/galu-ecolodge.com\/de\/#organization","name":"Galu Ecolodge","url":"https:\/\/galu-ecolodge.com\/de\/","logo":{"@type":"ImageObject","inLanguage":"de","@id":"https:\/\/galu-ecolodge.com\/de\/#\/schema\/logo\/image\/","url":"https:\/\/galu-ecolodge.com\/wp-content\/uploads\/2025\/05\/GEL_LOGO.png","contentUrl":"https:\/\/galu-ecolodge.com\/wp-content\/uploads\/2025\/05\/GEL_LOGO.png","width":1020,"height":1020,"caption":"Galu Ecolodge"},"image":{"@id":"https:\/\/galu-ecolodge.com\/de\/#\/schema\/logo\/image\/"}}]}},"_links":{"self":[{"href":"https:\/\/galu-ecolodge.com\/de\/wp-json\/wp\/v2\/pages\/2117","targetHints":{"allow":["GET"]}}],"collection":[{"href":"https:\/\/galu-ecolodge.com\/de\/wp-json\/wp\/v2\/pages"}],"about":[{"href":"https:\/\/galu-ecolodge.com\/de\/wp-json\/wp\/v2\/types\/page"}],"author":[{"embeddable":true,"href":"https:\/\/galu-ecolodge.com\/de\/wp-json\/wp\/v2\/users\/1"}],"replies":[{"embeddable":true,"href":"https:\/\/galu-ecolodge.com\/de\/wp-json\/wp\/v2\/comments?post=2117"}],"version-history":[{"count":5,"href":"https:\/\/galu-ecolodge.com\/de\/wp-json\/wp\/v2\/pages\/2117\/revisions"}],"predecessor-version":[{"id":2155,"href":"https:\/\/galu-ecolodge.com\/de\/wp-json\/wp\/v2\/pages\/2117\/revisions\/2155"}],"wp:attachment":[{"href":"https:\/\/galu-ecolodge.com\/de\/wp-json\/wp\/v2\/media?parent=2117"}],"curies":[{"name":"wp","href":"https:\/\/api.w.org\/{rel}","templated":true}]}}