{"id":2140,"date":"2026-04-02T12:06:40","date_gmt":"2026-04-02T11:06:40","guid":{"rendered":"https:\/\/galu-ecolodge.com\/sonntags-spass-in-madafoos-strandbar-und-restaurant\/"},"modified":"2026-04-10T12:30:33","modified_gmt":"2026-04-10T11:30:33","slug":"sonntags-spass-in-madafoos-strandbar-und-restaurant","status":"publish","type":"page","link":"https:\/\/galu-ecolodge.com\/de\/sonntags-spass-in-madafoos-strandbar-und-restaurant\/","title":{"rendered":"Sonntags-Spa\u00df in Madafoo&#8217;s Strandbar und Restaurant"},"content":{"rendered":"\n\t<div id=\"gap-1851426118\" class=\"gap-element clearfix\" style=\"display:block; height:auto;\">\n\t\t\n<style>\n#gap-1851426118 {\n  padding-top: 30px;\n}\n<\/style>\n\t<\/div>\n\t\n\n\n\t<section class=\"section\" id=\"section_1293794008\">\n\t\t<div class=\"section-bg fill\" >\n\t\t\t\t\t\t\t\t\t\n\t\t\t\n\n\t\t<\/div>\n\n\t\t\n\n\t\t<div class=\"section-content relative\">\n\t\t\t\n\n<div class=\"row align-middle\"  id=\"row-2088535784\">\n\n\n\t<div id=\"col-821231011\" class=\"col medium-12 small-12 large-6\"  >\n\t\t\t\t<div class=\"col-inner\"  >\n\t\t\t\n\t\t\t\n\n<div class=\"slider-wrapper relative\" id=\"slider-728221076\" >\n    <div class=\"slider slider-nav-circle slider-nav-large slider-nav-light slider-style-normal\"\n        data-flickity-options='{\n            \"cellAlign\": \"center\",\n            \"imagesLoaded\": true,\n            \"lazyLoad\": 1,\n            \"freeScroll\": false,\n            \"wrapAround\": true,\n            \"autoPlay\": 6000,\n            \"pauseAutoPlayOnHover\" : true,\n            \"prevNextButtons\": true,\n            \"contain\" : true,\n            \"adaptiveHeight\" : true,\n            \"dragThreshold\" : 10,\n            \"percentPosition\": true,\n            \"pageDots\": true,\n            \"rightToLeft\": false,\n            \"draggable\": true,\n            \"selectedAttraction\": 0.1,\n            \"parallax\" : 0,\n            \"friction\": 0.6        }'\n        >\n        \n\n\t<div class=\"img has-hover x md-x lg-x y md-y lg-y\" id=\"image_395448266\">\n\t\t\t\t\t\t\t\t<div class=\"img-inner image-cover dark\" style=\"padding-top:100%;\">\n\t\t\t<img loading=\"lazy\" decoding=\"async\" width=\"960\" height=\"1280\" src=\"https:\/\/galu-ecolodge.com\/wp-content\/uploads\/2026\/04\/Galu-Ecolodge-Madafoos-Sunday-Funday-2.jpg\" class=\"attachment-original size-original\" alt=\"\" srcset=\"https:\/\/galu-ecolodge.com\/wp-content\/uploads\/2026\/04\/Galu-Ecolodge-Madafoos-Sunday-Funday-2.jpg 960w, https:\/\/galu-ecolodge.com\/wp-content\/uploads\/2026\/04\/Galu-Ecolodge-Madafoos-Sunday-Funday-2-225x300.jpg 225w, https:\/\/galu-ecolodge.com\/wp-content\/uploads\/2026\/04\/Galu-Ecolodge-Madafoos-Sunday-Funday-2-768x1024.jpg 768w\" sizes=\"auto, (max-width: 960px) 100vw, 960px\" \/>\t\t\t\t\t\t\n\t\t\t\t\t<\/div>\n\t\t\t\t\t\t\t\t\n<style>\n#image_395448266 {\n  width: 100%;\n}\n<\/style>\n\t<\/div>\n\t\n\n\t<div class=\"img has-hover x md-x lg-x y md-y lg-y\" id=\"image_1279892701\">\n\t\t\t\t\t\t\t\t<div class=\"img-inner image-cover dark\" style=\"padding-top:100%;\">\n\t\t\t<img loading=\"lazy\" decoding=\"async\" width=\"960\" height=\"1280\" src=\"https:\/\/galu-ecolodge.com\/wp-content\/uploads\/2026\/04\/Galu-Ecolodge-Madafoos-Sunday-Funday-3.jpg\" class=\"attachment-original size-original\" alt=\"\" srcset=\"https:\/\/galu-ecolodge.com\/wp-content\/uploads\/2026\/04\/Galu-Ecolodge-Madafoos-Sunday-Funday-3.jpg 960w, https:\/\/galu-ecolodge.com\/wp-content\/uploads\/2026\/04\/Galu-Ecolodge-Madafoos-Sunday-Funday-3-225x300.jpg 225w, https:\/\/galu-ecolodge.com\/wp-content\/uploads\/2026\/04\/Galu-Ecolodge-Madafoos-Sunday-Funday-3-768x1024.jpg 768w\" sizes=\"auto, (max-width: 960px) 100vw, 960px\" \/>\t\t\t\t\t\t\n\t\t\t\t\t<\/div>\n\t\t\t\t\t\t\t\t\n<style>\n#image_1279892701 {\n  width: 100%;\n}\n<\/style>\n\t<\/div>\n\t\n\n\n     <\/div>\n\n     <div class=\"loading-spin dark large centered\"><\/div>\n\n\t<\/div>\n\n\n\n\t\t<\/div>\n\t\t\t\t\t<\/div>\n\n\t\n\n\t<div id=\"col-1164875734\" class=\"col medium-12 small-12 large-6\"  >\n\t\t\t\t<div class=\"col-inner\"  >\n\t\t\t\n\t\t\t\n\n\t<div id=\"gap-465675283\" class=\"gap-element clearfix\" style=\"display:block; height:auto;\">\n\t\t\n<style>\n#gap-465675283 {\n  padding-top: 10px;\n}\n@media (min-width:850px) {\n  #gap-465675283 {\n    padding-top: 30px;\n  }\n}\n<\/style>\n\t<\/div>\n\t\n\n\t<div id=\"text-1940855480\" class=\"text\">\n\t\t\n\n<h2>Sonntags-Spa\u00df in Madafoo&#8217;s Strandbar und Restaurant<\/h2>\n\t\t\n<style>\n#text-1940855480 {\n  font-size: 1.5rem;\n  color: rgb(88, 84, 84);\n}\n#text-1940855480 > * {\n  color: rgb(88, 84, 84);\n}\n<\/style>\n\t<\/div>\n\t\n\t<div id=\"text-3387555030\" class=\"text\">\n\t\t\n\n<p data-start=\"363\" data-end=\"617\">Mache Sonntage zu deinem Lieblingstag an der S\u00fcdk\u00fcste. Jeden Sonntag ab 11 Uhr verwandelt sich Madafoo&#8217;s Strandbar und Restaurant in ein umfassendes Strandtageserlebnis mit tollem Essen, eiskalten Signature-Cocktails, familienfreundlichen Aktivit\u00e4ten und entspannten Vibes direkt am Meer. <\/p>\n<p data-start=\"619\" data-end=\"697\">Bring Freunde mit, bring Familie mit, bring deine Sonnenbrille mit und mach es dir direkt am Meer gem\u00fctlich.<\/p>\n<p data-start=\"1072\" data-end=\"1251\"> <\/p>\n\t\t\n<style>\n#text-3387555030 {\n  color: rgb(184, 172, 172);\n}\n#text-3387555030 > * {\n  color: rgb(184, 172, 172);\n}\n<\/style>\n\t<\/div>\n\t\n\n\t\t<\/div>\n\t\t\t\t\n<style>\n#col-1164875734 > .col-inner {\n  padding: 0px 0px 0px 0;\n}\n@media (min-width:850px) {\n  #col-1164875734 > .col-inner {\n    padding: 0px 0px 0px 10%;\n  }\n}\n<\/style>\n\t<\/div>\n\n\t\n\n<\/div>\n\n\t\t<\/div>\n\n\t\t\n<style>\n#section_1293794008 {\n  padding-top: 40px;\n  padding-bottom: 40px;\n  background-color: rgb(242, 242, 242);\n}\n@media (min-width:850px) {\n  #section_1293794008 {\n    padding-top: 40px;\n    padding-bottom: 40px;\n  }\n}\n<\/style>\n\t<\/section>\n\t\n\n\t<section class=\"section\" id=\"section_1177496994\">\n\t\t<div class=\"section-bg fill\" >\n\t\t\t\t\t\t\t\t\t\n\t\t\t\n\n\t\t<\/div>\n\n\t\t\n\n\t\t<div class=\"section-content relative\">\n\t\t\t\n\n<div class=\"row\"  id=\"row-1197205762\">\n\n\n\t<div id=\"col-1209896973\" class=\"col medium-6 small-12 large-6\"  >\n\t\t\t\t<div class=\"col-inner\"  >\n\t\t\t\n\t\t\t\n\n<h2 data-section-id=\"1fy78fb\" data-start=\"699\" data-end=\"730\">Worauf du dich freuen kannst<\/h2>\n<h3 data-section-id=\"1csq0g5\" data-start=\"731\" data-end=\"759\">Strandgerichte und Cocktails<\/h3>\n<p data-start=\"760\" data-end=\"957\">Genie\u00dfe leckere Strand-Snacks, erfrischende Getr\u00e4nke und unsere Signature-Cocktails, w\u00e4hrend du mit dem Indischen Ozean vor dir entspannst. Es ist der perfekte Ort f\u00fcr ein ausgedehntes Mittagessen, das in Sundowner \u00fcbergeht. <\/p>\n<h3 data-section-id=\"1l8qael\" data-start=\"959\" data-end=\"987\">Kinderzone und Familienspa\u00df<\/h3>\n<p data-start=\"988\" data-end=\"1073\">Sonntage in Madafoo&#8217;s sind f\u00fcr Familien gemacht. Kinder k\u00f6nnen eine spezielle Spa\u00dfzone genie\u00dfen mit: <\/p>\n<ul data-start=\"1074\" data-end=\"1154\">\n<li data-section-id=\"6hs6os\" data-start=\"1074\" data-end=\"1093\">Spielplatzzeit<\/li>\n<li data-section-id=\"1ndsovc\" data-start=\"1094\" data-end=\"1111\">H\u00fcpfburg<\/li>\n<li data-section-id=\"zalrt7\" data-start=\"1112\" data-end=\"1129\">Kinderschminken<\/li>\n<li data-section-id=\"18m8y6t\" data-start=\"1130\" data-end=\"1154\">Spiele und Aktivit\u00e4ten<\/li>\n<\/ul>\n\n\t\t<\/div>\n\t\t\t\t\t<\/div>\n\n\t\n\n\t<div id=\"col-1709202031\" class=\"col medium-6 small-12 large-6\"  >\n\t\t\t\t<div class=\"col-inner\"  >\n\t\t\t\n\t\t\t\n\n<h2 data-section-id=\"13qsn2r\" data-start=\"1156\" data-end=\"1180\">Zugang zum Pool<\/h2>\n<p data-start=\"1181\" data-end=\"1291\">Verleihe deinem Sonntag etwas Badespa\u00df. Der Poolzugang ist verf\u00fcgbar, sodass du das Strandleben mit einem erfrischenden Bad verbinden kannst. <\/p>\n<h3 data-section-id=\"a29tip\" data-start=\"1293\" data-end=\"1322\">Sonnenliegen und Strandlounges<\/h3>\n<p data-start=\"1323\" data-end=\"1483\">W\u00e4hle deine Stimmung: Sonnenliege, Strandlounge oder ein Tisch mit Meerblick. So oder so genie\u00dft du eine entspannte Diani Beach Atmosph\u00e4re, die sich wie ein richtiger Mini-Urlaub anf\u00fchlt. <\/p>\n<h3 data-section-id=\"glkszv\" data-start=\"1485\" data-end=\"1513\">Maltag in Madafoo&#8217;s<\/h3>\n<p data-start=\"1514\" data-end=\"1761\">Suchst du etwas Kreatives f\u00fcr die Kinder? Am Maltag ab 10:00 Uhr k\u00f6nnen kleine K\u00fcnstler an einer gef\u00fchrten Malsession teilnehmen, bei der professionelle K\u00fcnstler ihnen Schritt f\u00fcr Schritt helfen. Eine lustige, ruhige Aktivit\u00e4t, die perfekt zu einem Strandsonntag passt.  <\/p>\n\n\t\t<\/div>\n\t\t\t\t\t<\/div>\n\n\t\n\n<\/div>\n\n\t\t<\/div>\n\n\t\t\n<style>\n#section_1177496994 {\n  padding-top: 30px;\n  padding-bottom: 30px;\n}\n<\/style>\n\t<\/section>\n\t\n\n\t<section class=\"section has-parallax\" id=\"section_785783528\">\n\t\t<div class=\"section-bg fill\" data-parallax-container=\".section\" data-parallax-background data-parallax=\"-3\">\n\t\t\t<img loading=\"lazy\" decoding=\"async\" width=\"2806\" height=\"1522\" src=\"https:\/\/galu-ecolodge.com\/wp-content\/uploads\/2024\/04\/Scherm\u00adafbeelding-2024-04-09-om-12.49.53.png\" class=\"bg attachment-original size-original\" alt=\"\" \/>\t\t\t\t\t\t\n\t\t\t\n\n\t\t<\/div>\n\n\t\t\n\n\t\t<div class=\"section-content relative\">\n\t\t\t\n\n\n\t\t<\/div>\n\n\t\t\n<style>\n#section_785783528 {\n  padding-top: 30px;\n  padding-bottom: 30px;\n  min-height: 250px;\n}\n#section_785783528 .section-bg img {\n  object-position: 38% 100%;\n}\n<\/style>\n\t<\/section>\n\t\n\n\t<section class=\"section dark\" id=\"section_1016085714\">\n\t\t<div class=\"section-bg fill\" >\n\t\t\t\t\t\t\t\t\t\n\t\t\t\n\n\t\t<\/div>\n\n\t\t\n\n\t\t<div class=\"section-content relative\">\n\t\t\t\n\n<div class=\"row align-center\"  id=\"row-1483410128\">\n\n\n\t<div id=\"col-271745233\" class=\"col medium-8 small-12 large-8\"  >\n\t\t\t\t<div class=\"col-inner text-center\"  >\n\t\t\t\n\t\t\t\n\n\t<div id=\"gap-998926108\" class=\"gap-element clearfix\" style=\"display:block; height:auto;\">\n\t\t\n<style>\n#gap-998926108 {\n  padding-top: 5px;\n}\n<\/style>\n\t<\/div>\n\t\n\n\t<div id=\"text-241030648\" class=\"text\">\n\t\t\n\n<h3>Reserviere deinen Sonntagsplatz<\/h3>\n\t\t\n<style>\n#text-241030648 {\n  font-size: 2.25rem;\n  line-height: 1;\n}\n@media (min-width:550px) {\n  #text-241030648 {\n    font-size: 2.5rem;\n  }\n}\n@media (min-width:850px) {\n  #text-241030648 {\n    line-height: 1.25;\n  }\n}\n<\/style>\n\t<\/div>\n\t\n<p>Sonntage k\u00f6nnen besonders f\u00fcr Familien und gr\u00f6\u00dfere Gruppen sehr belebt sein. Um den besten Tisch zu sichern und deinen perfekten Strandtag zu gestalten, <strong data-start=\"2165\" data-end=\"2212\">reserviere im Voraus unter der Telefonnummer 074 352 17 73<\/strong>. <\/p>\n\t<div id=\"stack-2321261868\" class=\"stack stack-row justify-center items-stretch\">\n\t\t\n\n<a href=\"tel:+254743521773\" class=\"button alert\"  style=\"padding:5px 30px 5px 30px;\">\n\t\t<span>Jetzt anrufen<\/span>\n\t<\/a>\n\n\n\n\t\t\n<style>\n#stack-2321261868 > * {\n  --stack-gap: 0.75rem;\n}\n<\/style>\n\t<\/div>\n\t\n\n\t\t<\/div>\n\t\t\t\t\t<\/div>\n\n\t\n\n<\/div>\n\n\t\t<\/div>\n\n\t\t\n<style>\n#section_1016085714 {\n  padding-top: 30px;\n  padding-bottom: 30px;\n  min-height: 500px;\n  background-color: rgb(16, 56, 89);\n}\n@media (min-width:550px) {\n  #section_1016085714 {\n    min-height: 500px;\n  }\n}\n@media (min-width:850px) {\n  #section_1016085714 {\n    min-height: 300px;\n  }\n}\n<\/style>\n\t<\/section>\n\t\n\t<div id=\"gap-179888093\" class=\"gap-element clearfix\" style=\"display:block; height:auto;\">\n\t\t\n<style>\n#gap-179888093 {\n  padding-top: 70px;\n}\n<\/style>\n\t<\/div>\n\t\n\n\n","protected":false},"excerpt":{"rendered":"","protected":false},"author":1,"featured_media":0,"parent":0,"menu_order":0,"comment_status":"closed","ping_status":"closed","template":"page-blank.php","meta":{"footnotes":""},"class_list":["post-2140","page","type-page","status-publish","hentry"],"yoast_head":"<!-- This site is optimized with the Yoast SEO plugin v27.4 - https:\/\/yoast.com\/product\/yoast-seo-wordpress\/ -->\n<title>Sonntags-Spa\u00df in Madafoo&#039;s Strandbar und Restaurant - Galu Ecolodge<\/title>\n<meta name=\"robots\" content=\"index, follow, max-snippet:-1, max-image-preview:large, max-video-preview:-1\" \/>\n<link rel=\"canonical\" href=\"https:\/\/galu-ecolodge.com\/de\/sonntags-spass-in-madafoos-strandbar-und-restaurant\/\" \/>\n<meta property=\"og:locale\" content=\"de_DE\" \/>\n<meta property=\"og:type\" content=\"article\" \/>\n<meta property=\"og:title\" content=\"Sonntags-Spa\u00df in Madafoo&#039;s Strandbar und Restaurant - Galu Ecolodge\" \/>\n<meta property=\"og:url\" content=\"https:\/\/galu-ecolodge.com\/de\/sonntags-spass-in-madafoos-strandbar-und-restaurant\/\" \/>\n<meta property=\"og:site_name\" content=\"Galu Ecolodge\" \/>\n<meta property=\"article:modified_time\" content=\"2026-04-10T11:30:33+00:00\" \/>\n<meta name=\"twitter:card\" content=\"summary_large_image\" \/>\n<meta name=\"twitter:label1\" content=\"Gesch\u00e4tzte Lesezeit\" \/>\n\t<meta name=\"twitter:data1\" content=\"2\u00a0Minuten\" \/>\n<script type=\"application\/ld+json\" class=\"yoast-schema-graph\">{\"@context\":\"https:\\\/\\\/schema.org\",\"@graph\":[{\"@type\":\"WebPage\",\"@id\":\"https:\\\/\\\/galu-ecolodge.com\\\/de\\\/sonntags-spass-in-madafoos-strandbar-und-restaurant\\\/\",\"url\":\"https:\\\/\\\/galu-ecolodge.com\\\/de\\\/sonntags-spass-in-madafoos-strandbar-und-restaurant\\\/\",\"name\":\"Sonntags-Spa\u00df in Madafoo's Strandbar und Restaurant - Galu Ecolodge\",\"isPartOf\":{\"@id\":\"https:\\\/\\\/galu-ecolodge.com\\\/de\\\/#website\"},\"datePublished\":\"2026-04-02T11:06:40+00:00\",\"dateModified\":\"2026-04-10T11:30:33+00:00\",\"breadcrumb\":{\"@id\":\"https:\\\/\\\/galu-ecolodge.com\\\/de\\\/sonntags-spass-in-madafoos-strandbar-und-restaurant\\\/#breadcrumb\"},\"inLanguage\":\"de\",\"potentialAction\":[{\"@type\":\"ReadAction\",\"target\":[\"https:\\\/\\\/galu-ecolodge.com\\\/de\\\/sonntags-spass-in-madafoos-strandbar-und-restaurant\\\/\"]}]},{\"@type\":\"BreadcrumbList\",\"@id\":\"https:\\\/\\\/galu-ecolodge.com\\\/de\\\/sonntags-spass-in-madafoos-strandbar-und-restaurant\\\/#breadcrumb\",\"itemListElement\":[{\"@type\":\"ListItem\",\"position\":1,\"name\":\"Home\",\"item\":\"https:\\\/\\\/galu-ecolodge.com\\\/de\\\/\"},{\"@type\":\"ListItem\",\"position\":2,\"name\":\"Sonntags-Spa\u00df in Madafoo&#8217;s Strandbar und Restaurant\"}]},{\"@type\":\"WebSite\",\"@id\":\"https:\\\/\\\/galu-ecolodge.com\\\/de\\\/#website\",\"url\":\"https:\\\/\\\/galu-ecolodge.com\\\/de\\\/\",\"name\":\"Galu Ecolodge\",\"description\":\"Diani\u2019s Prime Beachfront Paradise\",\"publisher\":{\"@id\":\"https:\\\/\\\/galu-ecolodge.com\\\/de\\\/#organization\"},\"potentialAction\":[{\"@type\":\"SearchAction\",\"target\":{\"@type\":\"EntryPoint\",\"urlTemplate\":\"https:\\\/\\\/galu-ecolodge.com\\\/de\\\/?s={search_term_string}\"},\"query-input\":{\"@type\":\"PropertyValueSpecification\",\"valueRequired\":true,\"valueName\":\"search_term_string\"}}],\"inLanguage\":\"de\"},{\"@type\":\"Organization\",\"@id\":\"https:\\\/\\\/galu-ecolodge.com\\\/de\\\/#organization\",\"name\":\"Galu Ecolodge\",\"url\":\"https:\\\/\\\/galu-ecolodge.com\\\/de\\\/\",\"logo\":{\"@type\":\"ImageObject\",\"inLanguage\":\"de\",\"@id\":\"https:\\\/\\\/galu-ecolodge.com\\\/de\\\/#\\\/schema\\\/logo\\\/image\\\/\",\"url\":\"https:\\\/\\\/galu-ecolodge.com\\\/wp-content\\\/uploads\\\/2025\\\/05\\\/GEL_LOGO.png\",\"contentUrl\":\"https:\\\/\\\/galu-ecolodge.com\\\/wp-content\\\/uploads\\\/2025\\\/05\\\/GEL_LOGO.png\",\"width\":1020,\"height\":1020,\"caption\":\"Galu Ecolodge\"},\"image\":{\"@id\":\"https:\\\/\\\/galu-ecolodge.com\\\/de\\\/#\\\/schema\\\/logo\\\/image\\\/\"}}]}<\/script>\n<!-- \/ Yoast SEO plugin. -->","yoast_head_json":{"title":"Sonntags-Spa\u00df in Madafoo's Strandbar und Restaurant - Galu Ecolodge","robots":{"index":"index","follow":"follow","max-snippet":"max-snippet:-1","max-image-preview":"max-image-preview:large","max-video-preview":"max-video-preview:-1"},"canonical":"https:\/\/galu-ecolodge.com\/de\/sonntags-spass-in-madafoos-strandbar-und-restaurant\/","og_locale":"de_DE","og_type":"article","og_title":"Sonntags-Spa\u00df in Madafoo's Strandbar und Restaurant - Galu Ecolodge","og_url":"https:\/\/galu-ecolodge.com\/de\/sonntags-spass-in-madafoos-strandbar-und-restaurant\/","og_site_name":"Galu Ecolodge","article_modified_time":"2026-04-10T11:30:33+00:00","twitter_card":"summary_large_image","twitter_misc":{"Gesch\u00e4tzte Lesezeit":"2\u00a0Minuten"},"schema":{"@context":"https:\/\/schema.org","@graph":[{"@type":"WebPage","@id":"https:\/\/galu-ecolodge.com\/de\/sonntags-spass-in-madafoos-strandbar-und-restaurant\/","url":"https:\/\/galu-ecolodge.com\/de\/sonntags-spass-in-madafoos-strandbar-und-restaurant\/","name":"Sonntags-Spa\u00df in Madafoo's Strandbar und Restaurant - Galu Ecolodge","isPartOf":{"@id":"https:\/\/galu-ecolodge.com\/de\/#website"},"datePublished":"2026-04-02T11:06:40+00:00","dateModified":"2026-04-10T11:30:33+00:00","breadcrumb":{"@id":"https:\/\/galu-ecolodge.com\/de\/sonntags-spass-in-madafoos-strandbar-und-restaurant\/#breadcrumb"},"inLanguage":"de","potentialAction":[{"@type":"ReadAction","target":["https:\/\/galu-ecolodge.com\/de\/sonntags-spass-in-madafoos-strandbar-und-restaurant\/"]}]},{"@type":"BreadcrumbList","@id":"https:\/\/galu-ecolodge.com\/de\/sonntags-spass-in-madafoos-strandbar-und-restaurant\/#breadcrumb","itemListElement":[{"@type":"ListItem","position":1,"name":"Home","item":"https:\/\/galu-ecolodge.com\/de\/"},{"@type":"ListItem","position":2,"name":"Sonntags-Spa\u00df in Madafoo&#8217;s Strandbar und Restaurant"}]},{"@type":"WebSite","@id":"https:\/\/galu-ecolodge.com\/de\/#website","url":"https:\/\/galu-ecolodge.com\/de\/","name":"Galu Ecolodge","description":"Diani\u2019s Prime Beachfront Paradise","publisher":{"@id":"https:\/\/galu-ecolodge.com\/de\/#organization"},"potentialAction":[{"@type":"SearchAction","target":{"@type":"EntryPoint","urlTemplate":"https:\/\/galu-ecolodge.com\/de\/?s={search_term_string}"},"query-input":{"@type":"PropertyValueSpecification","valueRequired":true,"valueName":"search_term_string"}}],"inLanguage":"de"},{"@type":"Organization","@id":"https:\/\/galu-ecolodge.com\/de\/#organization","name":"Galu Ecolodge","url":"https:\/\/galu-ecolodge.com\/de\/","logo":{"@type":"ImageObject","inLanguage":"de","@id":"https:\/\/galu-ecolodge.com\/de\/#\/schema\/logo\/image\/","url":"https:\/\/galu-ecolodge.com\/wp-content\/uploads\/2025\/05\/GEL_LOGO.png","contentUrl":"https:\/\/galu-ecolodge.com\/wp-content\/uploads\/2025\/05\/GEL_LOGO.png","width":1020,"height":1020,"caption":"Galu Ecolodge"},"image":{"@id":"https:\/\/galu-ecolodge.com\/de\/#\/schema\/logo\/image\/"}}]}},"_links":{"self":[{"href":"https:\/\/galu-ecolodge.com\/de\/wp-json\/wp\/v2\/pages\/2140","targetHints":{"allow":["GET"]}}],"collection":[{"href":"https:\/\/galu-ecolodge.com\/de\/wp-json\/wp\/v2\/pages"}],"about":[{"href":"https:\/\/galu-ecolodge.com\/de\/wp-json\/wp\/v2\/types\/page"}],"author":[{"embeddable":true,"href":"https:\/\/galu-ecolodge.com\/de\/wp-json\/wp\/v2\/users\/1"}],"replies":[{"embeddable":true,"href":"https:\/\/galu-ecolodge.com\/de\/wp-json\/wp\/v2\/comments?post=2140"}],"version-history":[{"count":2,"href":"https:\/\/galu-ecolodge.com\/de\/wp-json\/wp\/v2\/pages\/2140\/revisions"}],"predecessor-version":[{"id":2143,"href":"https:\/\/galu-ecolodge.com\/de\/wp-json\/wp\/v2\/pages\/2140\/revisions\/2143"}],"wp:attachment":[{"href":"https:\/\/galu-ecolodge.com\/de\/wp-json\/wp\/v2\/media?parent=2140"}],"curies":[{"name":"wp","href":"https:\/\/api.w.org\/{rel}","templated":true}]}}