{"id":2146,"date":"2026-01-15T09:22:38","date_gmt":"2026-01-15T08:22:38","guid":{"rendered":"https:\/\/galu-ecolodge.com\/kitesurfen-in-diani-beach-kenia\/"},"modified":"2026-04-10T12:48:42","modified_gmt":"2026-04-10T11:48:42","slug":"kitesurfen-in-diani-beach-kenia","status":"publish","type":"page","link":"https:\/\/galu-ecolodge.com\/de\/kitesurfen-in-diani-beach-kenia\/","title":{"rendered":"Kitesurfen in diani beach Kenia"},"content":{"rendered":"\n\t<div id=\"gap-1696144800\" class=\"gap-element clearfix\" style=\"display:block; height:auto;\">\n\t\t\n<style>\n#gap-1696144800 {\n  padding-top: 30px;\n}\n<\/style>\n\t<\/div>\n\t\n\n\n\t<section class=\"section\" id=\"section_1428076599\">\n\t\t<div class=\"section-bg fill\" >\n\t\t\t\t\t\t\t\t\t\n\t\t\t\n\n\t\t<\/div>\n\n\t\t\n\n\t\t<div class=\"section-content relative\">\n\t\t\t\n\n<div class=\"row align-middle\"  id=\"row-1317054559\">\n\n\n\t<div id=\"col-1524959764\" class=\"col medium-12 small-12 large-6\"  >\n\t\t\t\t<div class=\"col-inner\"  >\n\t\t\t\n\t\t\t\n\n\n  <div class=\"banner has-hover\" id=\"banner-2055898192\">\n          <div class=\"banner-inner fill\">\n        <div class=\"banner-bg fill\" >\n            <img loading=\"lazy\" decoding=\"async\" width=\"1280\" height=\"938\" src=\"https:\/\/galu-ecolodge.com\/wp-content\/uploads\/2026\/04\/Diani-Beach-Hotel-Resort-Spa-\u2013Galu-Ecolodge-Kite-Surfing.jpeg\" class=\"bg attachment-original size-original\" alt=\"\" \/>                                    \n                    <\/div>\n\t\t\n        <div class=\"banner-layers container\">\n            <div class=\"fill banner-link\"><\/div>            \n\n   <div id=\"text-box-1350523536\" class=\"text-box banner-layer x50 md-x50 lg-x50 y50 md-y50 lg-y50 res-text\">\n                                <div class=\"text-box-content text dark\">\n              \n              <div class=\"text-inner text-center\">\n                  \n\n\n              <\/div>\n           <\/div>\n                            \n<style>\n#text-box-1350523536 {\n  width: 60%;\n}\n#text-box-1350523536 .text-box-content {\n  font-size: 100%;\n}\n<\/style>\n    <\/div>\n \n\n        <\/div>\n      <\/div>\n\n            \n<style>\n#banner-2055898192 {\n  padding-top: 99.99%;\n  background-color: rgb(255, 255, 255);\n}\n#banner-2055898192 .banner-bg img {\n  object-position: 35% 56%;\n}\n@media (min-width:550px) {\n  #banner-2055898192 {\n    padding-top: 75%;\n  }\n}\n@media (min-width:850px) {\n  #banner-2055898192 {\n    padding-top: 99.99%;\n  }\n}\n<\/style>\n  <\/div>\n\n\n\n\t\t<\/div>\n\t\t\t\t\t<\/div>\n\n\t\n\n\t<div id=\"col-1356547289\" class=\"col medium-12 small-12 large-6\"  >\n\t\t\t\t<div class=\"col-inner\"  >\n\t\t\t\n\t\t\t\n\n\t<div id=\"gap-601929020\" class=\"gap-element clearfix\" style=\"display:block; height:auto;\">\n\t\t\n<style>\n#gap-601929020 {\n  padding-top: 10px;\n}\n@media (min-width:850px) {\n  #gap-601929020 {\n    padding-top: 30px;\n  }\n}\n<\/style>\n\t<\/div>\n\t\n\n\t<div id=\"text-2180942401\" class=\"text\">\n\t\t\n\n<h2>Mit den Passatwinden an Kenias legend\u00e4rster K\u00fcste unterwegs<\/h2>\n\t\t\n<style>\n#text-2180942401 {\n  font-size: 1.5rem;\n  color: rgb(88, 84, 84);\n}\n#text-2180942401 > * {\n  color: rgb(88, 84, 84);\n}\n<\/style>\n\t<\/div>\n\t\n\t<div id=\"text-842352275\" class=\"text\">\n\t\t\n\n<p data-start=\"612\" data-end=\"1070\">Wenn Sie nach einem der besten Orte zum Kitesurfen in Kenia suchen, sollte Diani Beach ganz oben auf Ihrer Liste stehen. Mit seinen breiten wei\u00dfen Sandstr\u00e4nden, dem warmen Wasser des Indischen Ozeans und der entspannten K\u00fcstenatmosph\u00e4re bietet er die perfekte Kulisse f\u00fcr ein unvergessliches Kitesurf-Erlebnis. Egal, ob Sie kompletter Anf\u00e4nger sind oder bereits viel Erfahrung mitbringen \u2013 Diani bietet die richtigen Bedingungen, damit jeder Tag auf dem Wasser zu einem Highlight Ihres Urlaubs wird.  <\/p>\n<p data-start=\"1072\" data-end=\"1251\"> <\/p>\n\t\t\n<style>\n#text-842352275 {\n  color: rgb(184, 172, 172);\n}\n#text-842352275 > * {\n  color: rgb(184, 172, 172);\n}\n<\/style>\n\t<\/div>\n\t\n\n\t\t<\/div>\n\t\t\t\t\n<style>\n#col-1356547289 > .col-inner {\n  padding: 0px 0px 0px 0;\n}\n@media (min-width:850px) {\n  #col-1356547289 > .col-inner {\n    padding: 0px 0px 0px 10%;\n  }\n}\n<\/style>\n\t<\/div>\n\n\t\n\n<\/div>\n\n\t\t<\/div>\n\n\t\t\n<style>\n#section_1428076599 {\n  padding-top: 40px;\n  padding-bottom: 40px;\n  background-color: rgb(242, 242, 242);\n}\n@media (min-width:850px) {\n  #section_1428076599 {\n    padding-top: 40px;\n    padding-bottom: 40px;\n  }\n}\n<\/style>\n\t<\/section>\n\t\n\n\t<section class=\"section\" id=\"section_587193071\">\n\t\t<div class=\"section-bg fill\" >\n\t\t\t\t\t\t\t\t\t\n\t\t\t\n\n\t\t<\/div>\n\n\t\t\n\n\t\t<div class=\"section-content relative\">\n\t\t\t\n\n<div class=\"row\"  id=\"row-595312579\">\n\n\n\t<div id=\"col-415348747\" class=\"col medium-6 small-12 large-6\"  >\n\t\t\t\t<div class=\"col-inner\"  >\n\t\t\t\n\t\t\t\n\n<h2>Warum Diani Beach perfekt zum Kitesurfen ist<\/h2>\n<p data-start=\"1308\" data-end=\"1669\">Diani Beach ist bei Kitesurfern aus einem einfachen Grund so beliebt: Die Bedingungen sind verl\u00e4sslich, weitl\u00e4ufig und anf\u00e4ngerfreundlich. Die K\u00fcste bietet viel Platz zum sicheren Starten und Landen, und die flachen Bereiche in Ufern\u00e4he sind ideal zum Lernen. An vielen Stellen sorgt das Riff zudem f\u00fcr ruhigeres Wasser in der Lagune, was es leichter macht, sich auf Technik und Fortschritte zu konzentrieren.<br>  <\/p>\n<p data-start=\"1671\" data-end=\"1823\">Dazu kommt die traumhafte Kulisse. Palmen, klares blaues Wasser und lange offene Str\u00e4nde sorgen daf\u00fcr, dass sich jede Session wie Kitesurfen im Paradies anf\u00fchlt. <\/p>\n\n\t\t<\/div>\n\t\t\t\t\t<\/div>\n\n\t\n\n\t<div id=\"col-1748162129\" class=\"col medium-6 small-12 large-6\"  >\n\t\t\t\t<div class=\"col-inner\"  >\n\t\t\t\n\t\t\t\n\n<h2>Beste Saison und Windbedingungen<\/h2>\n<p data-start=\"1869\" data-end=\"2104\">Kitesurfen in Diani Beach ist so beliebt, weil der Wind in bestimmten Jahreszeiten sehr zuverl\u00e4ssig sein kann. Wenn die Passatwinde aktiv sind, k\u00f6nnen Sie oft mit konstantem Wind rechnen, der sich hervorragend f\u00fcr Unterricht, Freeriding und lange Runs entlang der K\u00fcste eignet.<br> <\/p>\n<p data-start=\"2106\" data-end=\"2307\">Auch au\u00dferhalb der windst\u00e4rksten Monate gibt es viele gute Tage auf dem Wasser. Wenn Sie bei uns \u00fcbernachten, helfen wir Ihnen gerne dabei, die Bedingungen zu pr\u00fcfen, damit Sie Ihre Sessions optimal planen k\u00f6nnen. <\/p>\n\n\t\t<\/div>\n\t\t\t\t\t<\/div>\n\n\t\n\n<\/div>\n\n\t\t<\/div>\n\n\t\t\n<style>\n#section_587193071 {\n  padding-top: 30px;\n  padding-bottom: 30px;\n}\n<\/style>\n\t<\/section>\n\t\n\n\t<section class=\"section has-parallax\" id=\"section_701819110\">\n\t\t<div class=\"section-bg fill\" data-parallax-container=\".section\" data-parallax-background data-parallax=\"-3\">\n\t\t\t<img loading=\"lazy\" decoding=\"async\" width=\"1280\" height=\"853\" src=\"https:\/\/galu-ecolodge.com\/wp-content\/uploads\/2026\/01\/Kite-surfing-Diani-Beach.jpeg\" class=\"bg attachment-original size-original\" alt=\"\" \/>\t\t\t\t\t\t\n\t\t\t\n\n\t\t<\/div>\n\n\t\t\n\n\t\t<div class=\"section-content relative\">\n\t\t\t\n\n\n\t\t<\/div>\n\n\t\t\n<style>\n#section_701819110 {\n  padding-top: 30px;\n  padding-bottom: 30px;\n  min-height: 250px;\n}\n<\/style>\n\t<\/section>\n\t\n\n\t<section class=\"section\" id=\"section_328392823\">\n\t\t<div class=\"section-bg fill\" >\n\t\t\t\t\t\t\t\t\t\n\t\t\t\n\n\t\t<\/div>\n\n\t\t\n\n\t\t<div class=\"section-content relative\">\n\t\t\t\n\n<div class=\"row\"  id=\"row-134513914\">\n\n\n\t<div id=\"col-1356758005\" class=\"col medium-6 small-12 large-6\"  >\n\t\t\t\t<div class=\"col-inner\"  >\n\t\t\t\n\t\t\t\n\n<h2>Kitesurf-Unterricht und Verleih im Galu Ecolodge<\/h2>\n<p data-start=\"2367\" data-end=\"2619\">Einer der gr\u00f6\u00dften Vorteile eines Aufenthalts bei uns ist die Kitesurfschule direkt auf dem Gel\u00e4nde des Galu EcoLodge. So k\u00f6nnen Sie Unterricht, Materialverleih und Unterst\u00fctzung ganz unkompliziert organisieren, ohne weite Wege oder zus\u00e4tzlichen Aufwand. <\/p>\n<p data-start=\"2621\" data-end=\"2874\">Ob Sie Ihre erste Unterrichtsstunde buchen, Ihre Technik verbessern oder einfach hochwertiges Equipment f\u00fcr einen Tag auf dem Wasser mieten m\u00f6chten \u2013 alles befindet sich in unmittelbarer N\u00e4he Ihrer Unterkunft. Die perfekte Voraussetzung f\u00fcr einen entspannten Kitesurf-Urlaub in Diani. <\/p>\n\n\t\t<\/div>\n\t\t\t\t\t<\/div>\n\n\t\n\n\t<div id=\"col-1127308980\" class=\"col medium-6 small-12 large-6\"  >\n\t\t\t\t<div class=\"col-inner\"  >\n\t\t\t\n\t\t\t\n\n<h2>Tipps f\u00fcr Anf\u00e4nger und Fortgeschrittene<\/h2>\n<p data-start=\"3446\" data-end=\"3619\">Wenn Sie neu im Kitesurfen sind, ist Unterricht der schnellste und sicherste Weg zum Lernen. So gewinnen Sie schneller Vertrauen und lernen, mit den Bedingungen richtig umzugehen. <\/p>\n<p data-start=\"3621\" data-end=\"3855\">Wenn Sie bereits fahren, bietet Diani Beach viele M\u00f6glichkeiten f\u00fcr entspanntes Cruisen, saubere Turns und einfach mehr Zeit auf dem Wasser. In manchen Bereichen sind Riffschuhe sinnvoll, besonders bei niedriger Tide. <\/p>\n\n\t\t<\/div>\n\t\t\t\t\t<\/div>\n\n\t\n\n<\/div>\n\n\t\t<\/div>\n\n\t\t\n<style>\n#section_328392823 {\n  padding-top: 30px;\n  padding-bottom: 30px;\n}\n<\/style>\n\t<\/section>\n\t\n\n\t<section class=\"section dark\" id=\"section_1164267802\">\n\t\t<div class=\"section-bg fill\" >\n\t\t\t\t\t\t\t\t\t\n\t\t\t\n\n\t\t<\/div>\n\n\t\t\n\n\t\t<div class=\"section-content relative\">\n\t\t\t\n\n<div class=\"row align-center\"  id=\"row-2076727600\">\n\n\n\t<div id=\"col-574758650\" class=\"col medium-8 small-12 large-8\"  >\n\t\t\t\t<div class=\"col-inner text-center\"  >\n\t\t\t\n\t\t\t\n\n\t<div id=\"gap-301761264\" class=\"gap-element clearfix\" style=\"display:block; height:auto;\">\n\t\t\n<style>\n#gap-301761264 {\n  padding-top: 5px;\n}\n<\/style>\n\t<\/div>\n\t\n\n\t<div id=\"text-2841680931\" class=\"text\">\n\t\t\n\n<h3>Bereit f\u00fcr einen Kitesurf-Urlaub?<\/h3>\n\t\t\n<style>\n#text-2841680931 {\n  font-size: 2.25rem;\n  line-height: 1;\n}\n@media (min-width:550px) {\n  #text-2841680931 {\n    font-size: 2.5rem;\n  }\n}\n@media (min-width:850px) {\n  #text-2841680931 {\n    line-height: 1.25;\n  }\n}\n<\/style>\n\t<\/div>\n\t\n<p>Wenn Kitesurfen in Diani Beach auf Ihrer Wunschliste steht, ist ein Aufenthalt im Galu EcoLodge der einfachste Weg, dieses Erlebnis in vollen Z\u00fcgen zu genie\u00dfen. Sie wohnen an einer der sch\u00f6nsten K\u00fcstenlagen Kenias, mit einer Kitesurfschule direkt vor Ort und schnellem Zugang zum Strand. <\/p>\n\t<div id=\"stack-1704686059\" class=\"stack stack-row justify-center items-stretch\">\n\t\t\n\n<a href=\"https:\/\/hotels.cloudbeds.com\/en\/reservation\/MgNpRk?currency=usd\" class=\"button alert\"  style=\"padding:5px 30px 5px 30px;\">\n\t\t<span>W\u00e4hlen Sie Ihre Unterkunft<\/span>\n\t<\/a>\n\n\n\n\t\t\n<style>\n#stack-1704686059 > * {\n  --stack-gap: 0.75rem;\n}\n<\/style>\n\t<\/div>\n\t\n\n\t\t<\/div>\n\t\t\t\t\t<\/div>\n\n\t\n\n<\/div>\n\n\t\t<\/div>\n\n\t\t\n<style>\n#section_1164267802 {\n  padding-top: 30px;\n  padding-bottom: 30px;\n  min-height: 500px;\n  background-color: rgb(16, 56, 89);\n}\n@media (min-width:550px) {\n  #section_1164267802 {\n    min-height: 500px;\n  }\n}\n@media (min-width:850px) {\n  #section_1164267802 {\n    min-height: 300px;\n  }\n}\n<\/style>\n\t<\/section>\n\t\n\t<div id=\"gap-1080583785\" class=\"gap-element clearfix\" style=\"display:block; height:auto;\">\n\t\t\n<style>\n#gap-1080583785 {\n  padding-top: 70px;\n}\n<\/style>\n\t<\/div>\n\t\n\n\n","protected":false},"excerpt":{"rendered":"","protected":false},"author":1,"featured_media":0,"parent":0,"menu_order":0,"comment_status":"closed","ping_status":"closed","template":"page-blank.php","meta":{"footnotes":""},"class_list":["post-2146","page","type-page","status-publish","hentry"],"yoast_head":"<!-- This site is optimized with the Yoast SEO plugin v27.4 - https:\/\/yoast.com\/product\/yoast-seo-wordpress\/ -->\n<title>Kitesurfen in diani beach Kenia - Galu Ecolodge<\/title>\n<meta name=\"robots\" content=\"index, follow, max-snippet:-1, max-image-preview:large, max-video-preview:-1\" \/>\n<link rel=\"canonical\" href=\"https:\/\/galu-ecolodge.com\/de\/kitesurfen-in-diani-beach-kenia\/\" \/>\n<meta property=\"og:locale\" content=\"de_DE\" \/>\n<meta property=\"og:type\" content=\"article\" \/>\n<meta property=\"og:title\" content=\"Kitesurfen in diani beach Kenia - Galu Ecolodge\" \/>\n<meta property=\"og:url\" content=\"https:\/\/galu-ecolodge.com\/de\/kitesurfen-in-diani-beach-kenia\/\" \/>\n<meta property=\"og:site_name\" content=\"Galu Ecolodge\" \/>\n<meta property=\"article:modified_time\" content=\"2026-04-10T11:48:42+00:00\" \/>\n<meta name=\"twitter:card\" content=\"summary_large_image\" \/>\n<meta name=\"twitter:label1\" content=\"Gesch\u00e4tzte Lesezeit\" \/>\n\t<meta name=\"twitter:data1\" content=\"3\u00a0Minuten\" \/>\n<script type=\"application\/ld+json\" class=\"yoast-schema-graph\">{\"@context\":\"https:\\\/\\\/schema.org\",\"@graph\":[{\"@type\":\"WebPage\",\"@id\":\"https:\\\/\\\/galu-ecolodge.com\\\/de\\\/kitesurfen-in-diani-beach-kenia\\\/\",\"url\":\"https:\\\/\\\/galu-ecolodge.com\\\/de\\\/kitesurfen-in-diani-beach-kenia\\\/\",\"name\":\"Kitesurfen in diani beach Kenia - Galu Ecolodge\",\"isPartOf\":{\"@id\":\"https:\\\/\\\/galu-ecolodge.com\\\/de\\\/#website\"},\"datePublished\":\"2026-01-15T08:22:38+00:00\",\"dateModified\":\"2026-04-10T11:48:42+00:00\",\"breadcrumb\":{\"@id\":\"https:\\\/\\\/galu-ecolodge.com\\\/de\\\/kitesurfen-in-diani-beach-kenia\\\/#breadcrumb\"},\"inLanguage\":\"de\",\"potentialAction\":[{\"@type\":\"ReadAction\",\"target\":[\"https:\\\/\\\/galu-ecolodge.com\\\/de\\\/kitesurfen-in-diani-beach-kenia\\\/\"]}]},{\"@type\":\"BreadcrumbList\",\"@id\":\"https:\\\/\\\/galu-ecolodge.com\\\/de\\\/kitesurfen-in-diani-beach-kenia\\\/#breadcrumb\",\"itemListElement\":[{\"@type\":\"ListItem\",\"position\":1,\"name\":\"Home\",\"item\":\"https:\\\/\\\/galu-ecolodge.com\\\/de\\\/\"},{\"@type\":\"ListItem\",\"position\":2,\"name\":\"Kitesurfen in diani beach Kenia\"}]},{\"@type\":\"WebSite\",\"@id\":\"https:\\\/\\\/galu-ecolodge.com\\\/de\\\/#website\",\"url\":\"https:\\\/\\\/galu-ecolodge.com\\\/de\\\/\",\"name\":\"Galu Ecolodge\",\"description\":\"Diani\u2019s Prime Beachfront Paradise\",\"publisher\":{\"@id\":\"https:\\\/\\\/galu-ecolodge.com\\\/de\\\/#organization\"},\"potentialAction\":[{\"@type\":\"SearchAction\",\"target\":{\"@type\":\"EntryPoint\",\"urlTemplate\":\"https:\\\/\\\/galu-ecolodge.com\\\/de\\\/?s={search_term_string}\"},\"query-input\":{\"@type\":\"PropertyValueSpecification\",\"valueRequired\":true,\"valueName\":\"search_term_string\"}}],\"inLanguage\":\"de\"},{\"@type\":\"Organization\",\"@id\":\"https:\\\/\\\/galu-ecolodge.com\\\/de\\\/#organization\",\"name\":\"Galu Ecolodge\",\"url\":\"https:\\\/\\\/galu-ecolodge.com\\\/de\\\/\",\"logo\":{\"@type\":\"ImageObject\",\"inLanguage\":\"de\",\"@id\":\"https:\\\/\\\/galu-ecolodge.com\\\/de\\\/#\\\/schema\\\/logo\\\/image\\\/\",\"url\":\"https:\\\/\\\/galu-ecolodge.com\\\/wp-content\\\/uploads\\\/2025\\\/05\\\/GEL_LOGO.png\",\"contentUrl\":\"https:\\\/\\\/galu-ecolodge.com\\\/wp-content\\\/uploads\\\/2025\\\/05\\\/GEL_LOGO.png\",\"width\":1020,\"height\":1020,\"caption\":\"Galu Ecolodge\"},\"image\":{\"@id\":\"https:\\\/\\\/galu-ecolodge.com\\\/de\\\/#\\\/schema\\\/logo\\\/image\\\/\"}}]}<\/script>\n<!-- \/ Yoast SEO plugin. -->","yoast_head_json":{"title":"Kitesurfen in diani beach Kenia - Galu Ecolodge","robots":{"index":"index","follow":"follow","max-snippet":"max-snippet:-1","max-image-preview":"max-image-preview:large","max-video-preview":"max-video-preview:-1"},"canonical":"https:\/\/galu-ecolodge.com\/de\/kitesurfen-in-diani-beach-kenia\/","og_locale":"de_DE","og_type":"article","og_title":"Kitesurfen in diani beach Kenia - Galu Ecolodge","og_url":"https:\/\/galu-ecolodge.com\/de\/kitesurfen-in-diani-beach-kenia\/","og_site_name":"Galu Ecolodge","article_modified_time":"2026-04-10T11:48:42+00:00","twitter_card":"summary_large_image","twitter_misc":{"Gesch\u00e4tzte Lesezeit":"3\u00a0Minuten"},"schema":{"@context":"https:\/\/schema.org","@graph":[{"@type":"WebPage","@id":"https:\/\/galu-ecolodge.com\/de\/kitesurfen-in-diani-beach-kenia\/","url":"https:\/\/galu-ecolodge.com\/de\/kitesurfen-in-diani-beach-kenia\/","name":"Kitesurfen in diani beach Kenia - Galu Ecolodge","isPartOf":{"@id":"https:\/\/galu-ecolodge.com\/de\/#website"},"datePublished":"2026-01-15T08:22:38+00:00","dateModified":"2026-04-10T11:48:42+00:00","breadcrumb":{"@id":"https:\/\/galu-ecolodge.com\/de\/kitesurfen-in-diani-beach-kenia\/#breadcrumb"},"inLanguage":"de","potentialAction":[{"@type":"ReadAction","target":["https:\/\/galu-ecolodge.com\/de\/kitesurfen-in-diani-beach-kenia\/"]}]},{"@type":"BreadcrumbList","@id":"https:\/\/galu-ecolodge.com\/de\/kitesurfen-in-diani-beach-kenia\/#breadcrumb","itemListElement":[{"@type":"ListItem","position":1,"name":"Home","item":"https:\/\/galu-ecolodge.com\/de\/"},{"@type":"ListItem","position":2,"name":"Kitesurfen in diani beach Kenia"}]},{"@type":"WebSite","@id":"https:\/\/galu-ecolodge.com\/de\/#website","url":"https:\/\/galu-ecolodge.com\/de\/","name":"Galu Ecolodge","description":"Diani\u2019s Prime Beachfront Paradise","publisher":{"@id":"https:\/\/galu-ecolodge.com\/de\/#organization"},"potentialAction":[{"@type":"SearchAction","target":{"@type":"EntryPoint","urlTemplate":"https:\/\/galu-ecolodge.com\/de\/?s={search_term_string}"},"query-input":{"@type":"PropertyValueSpecification","valueRequired":true,"valueName":"search_term_string"}}],"inLanguage":"de"},{"@type":"Organization","@id":"https:\/\/galu-ecolodge.com\/de\/#organization","name":"Galu Ecolodge","url":"https:\/\/galu-ecolodge.com\/de\/","logo":{"@type":"ImageObject","inLanguage":"de","@id":"https:\/\/galu-ecolodge.com\/de\/#\/schema\/logo\/image\/","url":"https:\/\/galu-ecolodge.com\/wp-content\/uploads\/2025\/05\/GEL_LOGO.png","contentUrl":"https:\/\/galu-ecolodge.com\/wp-content\/uploads\/2025\/05\/GEL_LOGO.png","width":1020,"height":1020,"caption":"Galu Ecolodge"},"image":{"@id":"https:\/\/galu-ecolodge.com\/de\/#\/schema\/logo\/image\/"}}]}},"_links":{"self":[{"href":"https:\/\/galu-ecolodge.com\/de\/wp-json\/wp\/v2\/pages\/2146","targetHints":{"allow":["GET"]}}],"collection":[{"href":"https:\/\/galu-ecolodge.com\/de\/wp-json\/wp\/v2\/pages"}],"about":[{"href":"https:\/\/galu-ecolodge.com\/de\/wp-json\/wp\/v2\/types\/page"}],"author":[{"embeddable":true,"href":"https:\/\/galu-ecolodge.com\/de\/wp-json\/wp\/v2\/users\/1"}],"replies":[{"embeddable":true,"href":"https:\/\/galu-ecolodge.com\/de\/wp-json\/wp\/v2\/comments?post=2146"}],"version-history":[{"count":2,"href":"https:\/\/galu-ecolodge.com\/de\/wp-json\/wp\/v2\/pages\/2146\/revisions"}],"predecessor-version":[{"id":2148,"href":"https:\/\/galu-ecolodge.com\/de\/wp-json\/wp\/v2\/pages\/2146\/revisions\/2148"}],"wp:attachment":[{"href":"https:\/\/galu-ecolodge.com\/de\/wp-json\/wp\/v2\/media?parent=2146"}],"curies":[{"name":"wp","href":"https:\/\/api.w.org\/{rel}","templated":true}]}}