{"id":2151,"date":"2026-01-29T11:09:23","date_gmt":"2026-01-29T10:09:23","guid":{"rendered":"https:\/\/galu-ecolodge.com\/dhow-safari-in-diani-beach-kenya\/"},"modified":"2026-04-10T13:47:56","modified_gmt":"2026-04-10T12:47:56","slug":"dhow-safari-in-diani-beach-kenya","status":"publish","type":"page","link":"https:\/\/galu-ecolodge.com\/de\/dhow-safari-in-diani-beach-kenya\/","title":{"rendered":"dhow safari in diani beach kenya"},"content":{"rendered":"\n\t<div id=\"gap-104322047\" class=\"gap-element clearfix\" style=\"display:block; height:auto;\">\n\t\t\n<style>\n#gap-104322047 {\n  padding-top: 30px;\n}\n<\/style>\n\t<\/div>\n\t\n\n\n\t<section class=\"section\" id=\"section_1430434882\">\n\t\t<div class=\"section-bg fill\" >\n\t\t\t\t\t\t\t\t\t\n\t\t\t\n\n\t\t<\/div>\n\n\t\t\n\n\t\t<div class=\"section-content relative\">\n\t\t\t\n\n<div class=\"row align-middle\"  id=\"row-1319186804\">\n\n\n\t<div id=\"col-1143958736\" class=\"col medium-12 small-12 large-6\"  >\n\t\t\t\t<div class=\"col-inner\"  >\n\t\t\t\n\t\t\t\n\n\n  <div class=\"banner has-hover\" id=\"banner-372808048\">\n          <div class=\"banner-inner fill\">\n        <div class=\"banner-bg fill\" >\n            <img loading=\"lazy\" decoding=\"async\" width=\"1280\" height=\"960\" src=\"https:\/\/galu-ecolodge.com\/wp-content\/uploads\/2026\/04\/Diani-Beach-Hotel-Resort-Spa-\u2013Galu-Ecolodge-Dhow-Safari-Kenya-groot.jpeg\" class=\"bg attachment-original size-original\" alt=\"\" \/>                                    \n                    <\/div>\n\t\t\n        <div class=\"banner-layers container\">\n            <div class=\"fill banner-link\"><\/div>            \n\n   <div id=\"text-box-1149785148\" class=\"text-box banner-layer x50 md-x50 lg-x50 y50 md-y50 lg-y50 res-text\">\n                                <div class=\"text-box-content text dark\">\n              \n              <div class=\"text-inner text-center\">\n                  \n\n\n              <\/div>\n           <\/div>\n                            \n<style>\n#text-box-1149785148 {\n  width: 60%;\n}\n#text-box-1149785148 .text-box-content {\n  font-size: 100%;\n}\n<\/style>\n    <\/div>\n \n\n        <\/div>\n      <\/div>\n\n            \n<style>\n#banner-372808048 {\n  padding-top: 99.99%;\n  background-color: rgb(255, 255, 255);\n}\n#banner-372808048 .banner-bg img {\n  object-position: 35% 56%;\n}\n@media (min-width:550px) {\n  #banner-372808048 {\n    padding-top: 75%;\n  }\n}\n@media (min-width:850px) {\n  #banner-372808048 {\n    padding-top: 99.99%;\n  }\n}\n<\/style>\n  <\/div>\n\n\n\n\t\t<\/div>\n\t\t\t\t\t<\/div>\n\n\t\n\n\t<div id=\"col-1907557736\" class=\"col medium-12 small-12 large-6\"  >\n\t\t\t\t<div class=\"col-inner\"  >\n\t\t\t\n\t\t\t\n\n\t<div id=\"gap-1686078258\" class=\"gap-element clearfix\" style=\"display:block; height:auto;\">\n\t\t\n<style>\n#gap-1686078258 {\n  padding-top: 10px;\n}\n@media (min-width:850px) {\n  #gap-1686078258 {\n    padding-top: 30px;\n  }\n}\n<\/style>\n\t<\/div>\n\t\n\n\t<div id=\"text-129703824\" class=\"text\">\n\t\t\n\n<h2>Segle auf einer Dhau-Safari an Kenias S\u00fcdk\u00fcste<\/h2>\n\t\t\n<style>\n#text-129703824 {\n  font-size: 1.5rem;\n  color: rgb(88, 84, 84);\n}\n#text-129703824 > * {\n  color: rgb(88, 84, 84);\n}\n<\/style>\n\t<\/div>\n\t\n\t<div id=\"text-2642979283\" class=\"text\">\n\t\t\n\n<p data-start=\"45\" data-end=\"271\">Eine Dhau-Safari ist eines der unvergesslichsten Erlebnisse w\u00e4hrend deines Aufenthalts in der Galu Ecolodge. Du f\u00e4hrst hinaus auf den Indischen Ozean, um lebendige Korallenriffe zu erkunden, in kristallklarem Wasser zu schnorcheln und tropische Fische in allen Farben zu entdecken. <\/p>\n<p data-start=\"273\" data-end=\"516\">Mit etwas Gl\u00fcck sehen Sie unterwegs sogar Delfine oder begegnen Meeresschildkr\u00f6ten rund um die Riffbereiche. In der Natur ist nichts garantiert, aber genau diese besonderen Momente machen das Erlebnis so spannend. <\/p>\n\t\t\n<style>\n#text-2642979283 {\n  color: rgb(184, 172, 172);\n}\n#text-2642979283 > * {\n  color: rgb(184, 172, 172);\n}\n<\/style>\n\t<\/div>\n\t\n\n\t\t<\/div>\n\t\t\t\t\n<style>\n#col-1907557736 > .col-inner {\n  padding: 0px 0px 0px 0;\n}\n@media (min-width:850px) {\n  #col-1907557736 > .col-inner {\n    padding: 0px 0px 0px 10%;\n  }\n}\n<\/style>\n\t<\/div>\n\n\t\n\n<\/div>\n\n\t\t<\/div>\n\n\t\t\n<style>\n#section_1430434882 {\n  padding-top: 40px;\n  padding-bottom: 40px;\n  background-color: rgb(242, 242, 242);\n}\n@media (min-width:850px) {\n  #section_1430434882 {\n    padding-top: 40px;\n    padding-bottom: 40px;\n  }\n}\n<\/style>\n\t<\/section>\n\t\n\n\t<section class=\"section\" id=\"section_419540963\">\n\t\t<div class=\"section-bg fill\" >\n\t\t\t\t\t\t\t\t\t\n\t\t\t\n\n\t\t<\/div>\n\n\t\t\n\n\t\t<div class=\"section-content relative\">\n\t\t\t\n\n<div class=\"row\"  id=\"row-1981260561\">\n\n\n\t<div id=\"col-519949911\" class=\"col medium-6 small-12 large-6\"  >\n\t\t\t\t<div class=\"col-inner\"  >\n\t\t\t\n\t\t\t\n\n<h2>Warum sich eine Dhow-Safari ab Diani lohnt<\/h2>\n<p data-start=\"971\" data-end=\"1046\">Diese Tour vereint Landschaft, Abenteuer und Meeresleben auf einem einzigen, unkomplizierten Tagesausflug:<\/p>\n<ul>\n<li data-start=\"1049\" data-end=\"1117\">Ein klassisches Dhau-Bootserlebnis, Segeln, wenn es die Bedingungen zulassen<\/li>\n<li data-start=\"1049\" data-end=\"1117\">Schnorcheln an Korallenriffen mit tropischen Fischen<\/li>\n<li data-start=\"1049\" data-end=\"1117\">Begegnungen mit Wildtieren, manchmal sogar Delfinen oder Meeresschildkr\u00f6ten<\/li>\n<\/ul>\n<p data-start=\"1236\" data-end=\"1309\">Die Natur entscheidet, was Sie sehen, aber der Tag auf dem Ozean lohnt sich immer.<\/p>\n\n\t\t<\/div>\n\t\t\t\t\t<\/div>\n\n\t\n\n\t<div id=\"col-892548954\" class=\"col medium-6 small-12 large-6\"  >\n\t\t\t\t<div class=\"col-inner\"  >\n\t\t\t\n\t\t\t\n\n<h2 data-start=\"1311\" data-end=\"1328\">Was Sie erwarten k\u00f6nnen<\/h2>\n<p data-start=\"1329\" data-end=\"1361\">Die meisten Reisen folgen einem einfachen Ablauf:<\/p>\n<ul>\n<li data-start=\"1364\" data-end=\"1383\">Abfahrt am Morgen<\/li>\n<li data-start=\"1364\" data-end=\"1383\">Essen und Getr\u00e4nke<\/li>\n<li data-start=\"1364\" data-end=\"1383\">Ein oder mehrere Schnorchelstopps<\/li>\n<li data-start=\"1364\" data-end=\"1383\">Zeit zum Entspannen an Bord zwischen den Stopps<\/li>\n<li data-start=\"1364\" data-end=\"1383\">R\u00fcckkehr am Nachmittag<\/li>\n<\/ul>\n<p data-start=\"1545\" data-end=\"1614\">Route und Zeiten k\u00f6nnen sich je nach Gezeiten und Seebedingungen \u00e4ndern.<\/p>\n\n\t\t<\/div>\n\t\t\t\t\t<\/div>\n\n\t\n\n<\/div>\n\n\t\t<\/div>\n\n\t\t\n<style>\n#section_419540963 {\n  padding-top: 30px;\n  padding-bottom: 30px;\n}\n<\/style>\n\t<\/section>\n\t\n\n\t<section class=\"section has-parallax\" id=\"section_310136646\">\n\t\t<div class=\"section-bg fill\" data-parallax-container=\".section\" data-parallax-background data-parallax=\"-3\">\n\t\t\t<img loading=\"lazy\" decoding=\"async\" width=\"1024\" height=\"1024\" src=\"https:\/\/galu-ecolodge.com\/wp-content\/uploads\/2026\/01\/Dhow-safari-Diani-Beach-Galu-Ecolodge-1.jpeg\" class=\"bg attachment-original size-original\" alt=\"\" \/>\t\t\t\t\t\t\n\t\t\t\n\n\t\t<\/div>\n\n\t\t\n\n\t\t<div class=\"section-content relative\">\n\t\t\t\n\n\n\t\t<\/div>\n\n\t\t\n<style>\n#section_310136646 {\n  padding-top: 30px;\n  padding-bottom: 30px;\n  min-height: 250px;\n}\n#section_310136646 .section-bg img {\n  object-position: 60% 36%;\n}\n<\/style>\n\t<\/section>\n\t\n\n\t<section class=\"section\" id=\"section_594424990\">\n\t\t<div class=\"section-bg fill\" >\n\t\t\t\t\t\t\t\t\t\n\t\t\t\n\n\t\t<\/div>\n\n\t\t\n\n\t\t<div class=\"section-content relative\">\n\t\t\t\n\n<div class=\"row\"  id=\"row-1538600278\">\n\n\n\t<div id=\"col-1893608899\" class=\"col medium-6 small-12 large-6\"  >\n\t\t\t\t<div class=\"col-inner\"  >\n\t\t\t\n\t\t\t\n\n<h2 data-start=\"1616\" data-end=\"1658\">Schnorcheltipps f\u00fcr ein noch besseres Erlebnis<\/h2>\n<p data-start=\"1659\" data-end=\"1718\">The sun on the water is intense, even when it feels breezy.<\/p>\n<ul>\n<li data-start=\"1721\" data-end=\"1771\">Verwenden Sie Sonnencreme mit hohem Lichtschutzfaktor und tragen Sie sie regelm\u00e4\u00dfig erneut auf<\/li>\n<li data-start=\"1721\" data-end=\"1771\">Schnorcheln Sie f\u00fcr zus\u00e4tzlichen Sonnenschutz mit Shirt oder Rashguard<\/li>\n<li data-start=\"1721\" data-end=\"1771\">Bringen Sie ein Handtuch, eine Sonnenbrille und einen Drybag f\u00fcr Ihr Handy mit<\/li>\n<li data-start=\"1721\" data-end=\"1771\">Wenn Sie zu Seekrankheit neigen, nehmen Sie vor der Abfahrt Tabletten ein und fr\u00fchst\u00fccken Sie nur leicht.<\/li>\n<\/ul>\n\n\t\t<\/div>\n\t\t\t\t\t<\/div>\n\n\t\n\n\t<div id=\"col-1967196518\" class=\"col medium-6 small-12 large-6\"  >\n\t\t\t\t<div class=\"col-inner\"  >\n\t\t\t\n\t\t\t\n\n<h2 data-start=\"1989\" data-end=\"2043\">Kann man mit Schildkr\u00f6ten schwimmen oder mit Delfinen schnorcheln?<\/h2>\n<p data-start=\"2044\" data-end=\"2290\">Manchmal lassen sich Delfine vom Boot aus beobachten, und rund um die Riffbereiche werden gelegentlich Meeresschildkr\u00f6ten w\u00e4hrend der Schnorchelstopps gesichtet. Solche Begegnungen sind m\u00f6glich, aber nie garantiert. Gute Anbieter gestalten das Erlebnis sicher und respektvoll gegen\u00fcber der Tierwelt.  <\/p>\n\n\t\t<\/div>\n\t\t\t\t\t<\/div>\n\n\t\n\n<\/div>\n\n\t\t<\/div>\n\n\t\t\n<style>\n#section_594424990 {\n  padding-top: 30px;\n  padding-bottom: 30px;\n}\n<\/style>\n\t<\/section>\n\t\n\n\t<section class=\"section dark\" id=\"section_876584773\">\n\t\t<div class=\"section-bg fill\" >\n\t\t\t\t\t\t\t\t\t\n\t\t\t\n\n\t\t<\/div>\n\n\t\t\n\n\t\t<div class=\"section-content relative\">\n\t\t\t\n\n<div class=\"row align-center\"  id=\"row-866548998\">\n\n\n\t<div id=\"col-1394830623\" class=\"col medium-8 small-12 large-8\"  >\n\t\t\t\t<div class=\"col-inner text-center\"  >\n\t\t\t\n\t\t\t\n\n\t<div id=\"gap-291210460\" class=\"gap-element clearfix\" style=\"display:block; height:auto;\">\n\t\t\n<style>\n#gap-291210460 {\n  padding-top: 5px;\n}\n<\/style>\n\t<\/div>\n\t\n\n\t<div id=\"text-4005440366\" class=\"text\">\n\t\t\n\n<h2 data-start=\"0\" data-end=\"58\">Buchen Sie Ihre Dhow-Safari w\u00e4hrend Ihres Aufenthalts im Galu Ecolodge<\/h2>\n\t\t\n<style>\n#text-4005440366 {\n  font-size: 2.25rem;\n  line-height: 1;\n}\n@media (min-width:550px) {\n  #text-4005440366 {\n    font-size: 1.75rem;\n  }\n}\n@media (min-width:850px) {\n  #text-4005440366 {\n    line-height: 1.25;\n  }\n}\n<\/style>\n\t<\/div>\n\t\n<p data-start=\"59\" data-end=\"274\">Sie planen w\u00e4hrend Ihres Aufenthalts in Diani eine Dhow-Safari? Wenn Sie bei uns im Galu Ecolodge wohnen, helfen wir Ihnen gerne bei der Organisation mit einem vertrauensw\u00fcrdigen lokalen Anbieter und beraten Sie, welcher Tag je nach Gezeiten und Bedingungen am besten geeignet ist. <\/p>\n<p data-start=\"276\" data-end=\"336\">Sprechen Sie uns einfach w\u00e4hrend Ihres Aufenthalts an, und wir k\u00fcmmern uns darum.<\/p>\n\t<div id=\"stack-460849518\" class=\"stack stack-row justify-center items-stretch\">\n\t\t\n\n<a href=\"https:\/\/hotels.cloudbeds.com\/en\/reservation\/MgNpRk?currency=usd\" class=\"button alert\"  style=\"padding:5px 30px 5px 30px;\">\n\t\t<span>W\u00e4hlen Sie Ihre Unterkunft<\/span>\n\t<\/a>\n\n\n\n\t\t\n<style>\n#stack-460849518 > * {\n  --stack-gap: 0.75rem;\n}\n<\/style>\n\t<\/div>\n\t\n\n\t\t<\/div>\n\t\t\t\t\t<\/div>\n\n\t\n\n<\/div>\n\n\t\t<\/div>\n\n\t\t\n<style>\n#section_876584773 {\n  padding-top: 30px;\n  padding-bottom: 30px;\n  min-height: 500px;\n  background-color: rgb(16, 56, 89);\n}\n@media (min-width:550px) {\n  #section_876584773 {\n    min-height: 500px;\n  }\n}\n@media (min-width:850px) {\n  #section_876584773 {\n    min-height: 300px;\n  }\n}\n<\/style>\n\t<\/section>\n\t\n\t<div id=\"gap-385310203\" class=\"gap-element clearfix\" style=\"display:block; height:auto;\">\n\t\t\n<style>\n#gap-385310203 {\n  padding-top: 70px;\n}\n<\/style>\n\t<\/div>\n\t\n\n\n","protected":false},"excerpt":{"rendered":"","protected":false},"author":1,"featured_media":0,"parent":0,"menu_order":0,"comment_status":"closed","ping_status":"closed","template":"page-blank.php","meta":{"footnotes":""},"class_list":["post-2151","page","type-page","status-publish","hentry"],"yoast_head":"<!-- This site is optimized with the Yoast SEO plugin v27.4 - https:\/\/yoast.com\/product\/yoast-seo-wordpress\/ -->\n<title>dhow safari in diani beach kenya - Galu Ecolodge<\/title>\n<meta name=\"robots\" content=\"index, follow, max-snippet:-1, max-image-preview:large, max-video-preview:-1\" \/>\n<link rel=\"canonical\" href=\"https:\/\/galu-ecolodge.com\/de\/dhow-safari-in-diani-beach-kenya\/\" \/>\n<meta property=\"og:locale\" content=\"de_DE\" \/>\n<meta property=\"og:type\" content=\"article\" \/>\n<meta property=\"og:title\" content=\"dhow safari in diani beach kenya - Galu Ecolodge\" \/>\n<meta property=\"og:url\" content=\"https:\/\/galu-ecolodge.com\/de\/dhow-safari-in-diani-beach-kenya\/\" \/>\n<meta property=\"og:site_name\" content=\"Galu Ecolodge\" \/>\n<meta property=\"article:modified_time\" content=\"2026-04-10T12:47:56+00:00\" \/>\n<meta name=\"twitter:card\" content=\"summary_large_image\" \/>\n<meta name=\"twitter:label1\" content=\"Gesch\u00e4tzte Lesezeit\" \/>\n\t<meta name=\"twitter:data1\" content=\"3\u00a0Minuten\" \/>\n<script type=\"application\/ld+json\" class=\"yoast-schema-graph\">{\"@context\":\"https:\\\/\\\/schema.org\",\"@graph\":[{\"@type\":\"WebPage\",\"@id\":\"https:\\\/\\\/galu-ecolodge.com\\\/de\\\/dhow-safari-in-diani-beach-kenya\\\/\",\"url\":\"https:\\\/\\\/galu-ecolodge.com\\\/de\\\/dhow-safari-in-diani-beach-kenya\\\/\",\"name\":\"dhow safari in diani beach kenya - Galu Ecolodge\",\"isPartOf\":{\"@id\":\"https:\\\/\\\/galu-ecolodge.com\\\/de\\\/#website\"},\"datePublished\":\"2026-01-29T10:09:23+00:00\",\"dateModified\":\"2026-04-10T12:47:56+00:00\",\"breadcrumb\":{\"@id\":\"https:\\\/\\\/galu-ecolodge.com\\\/de\\\/dhow-safari-in-diani-beach-kenya\\\/#breadcrumb\"},\"inLanguage\":\"de\",\"potentialAction\":[{\"@type\":\"ReadAction\",\"target\":[\"https:\\\/\\\/galu-ecolodge.com\\\/de\\\/dhow-safari-in-diani-beach-kenya\\\/\"]}]},{\"@type\":\"BreadcrumbList\",\"@id\":\"https:\\\/\\\/galu-ecolodge.com\\\/de\\\/dhow-safari-in-diani-beach-kenya\\\/#breadcrumb\",\"itemListElement\":[{\"@type\":\"ListItem\",\"position\":1,\"name\":\"Home\",\"item\":\"https:\\\/\\\/galu-ecolodge.com\\\/de\\\/\"},{\"@type\":\"ListItem\",\"position\":2,\"name\":\"dhow safari in diani beach kenya\"}]},{\"@type\":\"WebSite\",\"@id\":\"https:\\\/\\\/galu-ecolodge.com\\\/de\\\/#website\",\"url\":\"https:\\\/\\\/galu-ecolodge.com\\\/de\\\/\",\"name\":\"Galu Ecolodge\",\"description\":\"Diani\u2019s Prime Beachfront Paradise\",\"publisher\":{\"@id\":\"https:\\\/\\\/galu-ecolodge.com\\\/de\\\/#organization\"},\"potentialAction\":[{\"@type\":\"SearchAction\",\"target\":{\"@type\":\"EntryPoint\",\"urlTemplate\":\"https:\\\/\\\/galu-ecolodge.com\\\/de\\\/?s={search_term_string}\"},\"query-input\":{\"@type\":\"PropertyValueSpecification\",\"valueRequired\":true,\"valueName\":\"search_term_string\"}}],\"inLanguage\":\"de\"},{\"@type\":\"Organization\",\"@id\":\"https:\\\/\\\/galu-ecolodge.com\\\/de\\\/#organization\",\"name\":\"Galu Ecolodge\",\"url\":\"https:\\\/\\\/galu-ecolodge.com\\\/de\\\/\",\"logo\":{\"@type\":\"ImageObject\",\"inLanguage\":\"de\",\"@id\":\"https:\\\/\\\/galu-ecolodge.com\\\/de\\\/#\\\/schema\\\/logo\\\/image\\\/\",\"url\":\"https:\\\/\\\/galu-ecolodge.com\\\/wp-content\\\/uploads\\\/2025\\\/05\\\/GEL_LOGO.png\",\"contentUrl\":\"https:\\\/\\\/galu-ecolodge.com\\\/wp-content\\\/uploads\\\/2025\\\/05\\\/GEL_LOGO.png\",\"width\":1020,\"height\":1020,\"caption\":\"Galu Ecolodge\"},\"image\":{\"@id\":\"https:\\\/\\\/galu-ecolodge.com\\\/de\\\/#\\\/schema\\\/logo\\\/image\\\/\"}}]}<\/script>\n<!-- \/ Yoast SEO plugin. -->","yoast_head_json":{"title":"dhow safari in diani beach kenya - Galu Ecolodge","robots":{"index":"index","follow":"follow","max-snippet":"max-snippet:-1","max-image-preview":"max-image-preview:large","max-video-preview":"max-video-preview:-1"},"canonical":"https:\/\/galu-ecolodge.com\/de\/dhow-safari-in-diani-beach-kenya\/","og_locale":"de_DE","og_type":"article","og_title":"dhow safari in diani beach kenya - Galu Ecolodge","og_url":"https:\/\/galu-ecolodge.com\/de\/dhow-safari-in-diani-beach-kenya\/","og_site_name":"Galu Ecolodge","article_modified_time":"2026-04-10T12:47:56+00:00","twitter_card":"summary_large_image","twitter_misc":{"Gesch\u00e4tzte Lesezeit":"3\u00a0Minuten"},"schema":{"@context":"https:\/\/schema.org","@graph":[{"@type":"WebPage","@id":"https:\/\/galu-ecolodge.com\/de\/dhow-safari-in-diani-beach-kenya\/","url":"https:\/\/galu-ecolodge.com\/de\/dhow-safari-in-diani-beach-kenya\/","name":"dhow safari in diani beach kenya - Galu Ecolodge","isPartOf":{"@id":"https:\/\/galu-ecolodge.com\/de\/#website"},"datePublished":"2026-01-29T10:09:23+00:00","dateModified":"2026-04-10T12:47:56+00:00","breadcrumb":{"@id":"https:\/\/galu-ecolodge.com\/de\/dhow-safari-in-diani-beach-kenya\/#breadcrumb"},"inLanguage":"de","potentialAction":[{"@type":"ReadAction","target":["https:\/\/galu-ecolodge.com\/de\/dhow-safari-in-diani-beach-kenya\/"]}]},{"@type":"BreadcrumbList","@id":"https:\/\/galu-ecolodge.com\/de\/dhow-safari-in-diani-beach-kenya\/#breadcrumb","itemListElement":[{"@type":"ListItem","position":1,"name":"Home","item":"https:\/\/galu-ecolodge.com\/de\/"},{"@type":"ListItem","position":2,"name":"dhow safari in diani beach kenya"}]},{"@type":"WebSite","@id":"https:\/\/galu-ecolodge.com\/de\/#website","url":"https:\/\/galu-ecolodge.com\/de\/","name":"Galu Ecolodge","description":"Diani\u2019s Prime Beachfront Paradise","publisher":{"@id":"https:\/\/galu-ecolodge.com\/de\/#organization"},"potentialAction":[{"@type":"SearchAction","target":{"@type":"EntryPoint","urlTemplate":"https:\/\/galu-ecolodge.com\/de\/?s={search_term_string}"},"query-input":{"@type":"PropertyValueSpecification","valueRequired":true,"valueName":"search_term_string"}}],"inLanguage":"de"},{"@type":"Organization","@id":"https:\/\/galu-ecolodge.com\/de\/#organization","name":"Galu Ecolodge","url":"https:\/\/galu-ecolodge.com\/de\/","logo":{"@type":"ImageObject","inLanguage":"de","@id":"https:\/\/galu-ecolodge.com\/de\/#\/schema\/logo\/image\/","url":"https:\/\/galu-ecolodge.com\/wp-content\/uploads\/2025\/05\/GEL_LOGO.png","contentUrl":"https:\/\/galu-ecolodge.com\/wp-content\/uploads\/2025\/05\/GEL_LOGO.png","width":1020,"height":1020,"caption":"Galu Ecolodge"},"image":{"@id":"https:\/\/galu-ecolodge.com\/de\/#\/schema\/logo\/image\/"}}]}},"_links":{"self":[{"href":"https:\/\/galu-ecolodge.com\/de\/wp-json\/wp\/v2\/pages\/2151","targetHints":{"allow":["GET"]}}],"collection":[{"href":"https:\/\/galu-ecolodge.com\/de\/wp-json\/wp\/v2\/pages"}],"about":[{"href":"https:\/\/galu-ecolodge.com\/de\/wp-json\/wp\/v2\/types\/page"}],"author":[{"embeddable":true,"href":"https:\/\/galu-ecolodge.com\/de\/wp-json\/wp\/v2\/users\/1"}],"replies":[{"embeddable":true,"href":"https:\/\/galu-ecolodge.com\/de\/wp-json\/wp\/v2\/comments?post=2151"}],"version-history":[{"count":2,"href":"https:\/\/galu-ecolodge.com\/de\/wp-json\/wp\/v2\/pages\/2151\/revisions"}],"predecessor-version":[{"id":2153,"href":"https:\/\/galu-ecolodge.com\/de\/wp-json\/wp\/v2\/pages\/2151\/revisions\/2153"}],"wp:attachment":[{"href":"https:\/\/galu-ecolodge.com\/de\/wp-json\/wp\/v2\/media?parent=2151"}],"curies":[{"name":"wp","href":"https:\/\/api.w.org\/{rel}","templated":true}]}}